{"id":9664,"date":"2019-12-15T15:32:14","date_gmt":"2019-12-15T14:32:14","guid":{"rendered":"https:\/\/cmcoach.fr\/?page_id=9664"},"modified":"2020-03-07T23:18:38","modified_gmt":"2020-03-07T22:18:38","slug":"soiree-information-stress-hypersensibles","status":"publish","type":"page","link":"https:\/\/coconfamilial.com\/index.php\/soiree-information-stress-hypersensibles\/","title":{"rendered":"Soir\u00e9e d&#8217;information : les hypersensibles face au stress"},"content":{"rendered":"<div class=\"wpb-content-wrapper\"><p>[vc_row css=&#8221;.vc_custom_1527834865965{padding-top: 30px !important;padding-bottom: 60px !important;}&#8221;][vc_column width=&#8221;1\/2&#8243;]<div class=\"vc-extral_class mb-30\"><div class=\"thim-widget-heading template-base\"><div class=\"sc_heading   text-left\"><h3 class=\"title\">Soir\u00e9e d'information sur l'hypersensibilit\u00e9 et le stress<\/h3><span class=\"line\"><\/span><\/div><\/div><\/div><div class=\"vc-extral_class mb-30\"><div class=\"thim-widget-icon-box template-base\"><div class=\"wrapper-box-icon text-left contact_info \" ><div class=\"iconbox-left clearfix\"><div class=\"boxes-icon\" style=\"width: 30px;height: 30px;\"><span class=\"inner-icon\"><span class=\"icon\"><i class=\"fa fa-phone\" style=\"color:#2e8ece; font-size:25px; line-height:25px; vertical-align: middle;\"><\/i><\/span><\/span><\/div><div class=\"content-inner\"  style=\"width: calc( 100% - 30px - 15px);\"><div class=\"sc-heading article_heading\"><h3 class = \"heading__primary\" >T\u00e9l : 09 67 35 25 51<\/h3><\/div><\/div><\/div><!--end smicon-box--><\/div><\/div><\/div><div class=\"vc-extral_class mb-30\"><div class=\"thim-widget-icon-box template-base\"><div class=\"wrapper-box-icon text-left contact_info \" ><div class=\"iconbox-left clearfix\"><div class=\"boxes-icon\" style=\"width: 30px;height: 30px;\"><span class=\"inner-icon\"><span class=\"icon\"><i class=\"fa fa-envelope-o\" style=\"color:#2e8ece; font-size:25px; line-height:25px; vertical-align: middle;\"><\/i><\/span><\/span><\/div><div class=\"content-inner\"  style=\"width: calc( 100% - 30px - 15px);\"><div class=\"sc-heading article_heading\"><h3 class = \"heading__primary\" >Email : contact@hypersensibilites.com<\/h3><\/div><\/div><\/div><!--end smicon-box--><\/div><\/div><\/div><div class=\"thim-widget-icon-box template-base\"><div class=\"wrapper-box-icon text-left contact_info \" ><div class=\"iconbox-left clearfix\"><div class=\"boxes-icon\" style=\"width: 30px;height: 30px;\"><span class=\"inner-icon\"><span class=\"icon\"><i class=\"fa fa-map-marker\" style=\"color:#2e8ece; font-size:25px; line-height:25px; vertical-align: middle;\"><\/i><\/span><\/span><\/div><div class=\"content-inner\"  style=\"width: calc( 100% - 30px - 15px);\"><div class=\"sc-heading article_heading\"><h3 class = \"heading__primary\" >Adresse :<\/h3><\/div><div class=\"desc-icon-box\"><p style=\"font-size: 15px;font-weight: bold;\">38 avenue de Spicheren 57600 Forbach<\/p><\/div><\/div><\/div><!--end smicon-box--><\/div><\/div>[\/vc_column][vc_column width=&#8221;1\/2&#8243;]<div class=\"vc-extral_class mb-30\"><div class=\"thim-widget-heading template-base\"><div class=\"sc_heading   text-left\"><h3 class=\"title\">Charles Matthews<\/h3><p class=\"sub-heading\" style=\"\">Coach et sophrologue<\/p><span class=\"line\"><\/span><\/div><\/div><\/div><div class=\"wpforms-container wpforms-container-full\" id=\"wpforms-9671\"><form id=\"wpforms-form-9671\" class=\"wpforms-validate wpforms-form\" data-formid=\"9671\" method=\"post\" enctype=\"multipart\/form-data\" action=\"\/index.php\/wp-json\/wp\/v2\/pages\/9664\" data-token=\"4b860a47bacfb5c1a70fe175a2c9cd3c\" data-token-time=\"1778677708\"><noscript class=\"wpforms-error-noscript\">Veuillez activer JavaScript dans votre navigateur pour remplir ce formulaire.<\/noscript><div class=\"wpforms-field-container\"><div id=\"wpforms-9671-field_0-container\" class=\"wpforms-field wpforms-field-name\" data-field-id=\"0\"><label class=\"wpforms-field-label\" for=\"wpforms-9671-field_0\">Pr\u00e9nom <span class=\"wpforms-required-label\">*<\/span><\/label><input type=\"text\" id=\"wpforms-9671-field_0\" class=\"wpforms-field-medium wpforms-field-required\" name=\"wpforms[fields][0]\" required><\/div><div id=\"wpforms-9671-field_1-container\" class=\"wpforms-field wpforms-field-email\" data-field-id=\"1\"><label class=\"wpforms-field-label\" for=\"wpforms-9671-field_1\">Adresse de contact <span class=\"wpforms-required-label\">*<\/span><\/label><input type=\"email\" id=\"wpforms-9671-field_1\" class=\"wpforms-field-medium wpforms-field-required\" name=\"wpforms[fields][1]\" spellcheck=\"false\" required><\/div><div id=\"wpforms-9671-field_5-container\" class=\"wpforms-field wpforms-field-gdpr-checkbox\" data-field-id=\"5\"><label class=\"wpforms-field-label\">Accord RGPD <span class=\"wpforms-required-label\">*<\/span><\/label><ul id=\"wpforms-9671-field_5\" class=\"wpforms-field-required\"><li class=\"choice-1\"><input type=\"checkbox\" id=\"wpforms-9671-field_5_1\" name=\"wpforms[fields][5][]\" value=\"Je consens \u00e0 ce que ce site stocke mes informations envoy\u00e9es afin qu\u2019ils puissent r\u00e9pondre \u00e0 ma requ\u00eate. Je souhaite \u00eatre inform\u00e9(e) sur l&#039;hypersensibilit\u00e9 et d&#039;\u00e9v\u00e9nements tels que soir\u00e9es d&#039;information, formations, conf\u00e9rences et webinaires.\" required ><label class=\"wpforms-field-label-inline\" for=\"wpforms-9671-field_5_1\">Je consens \u00e0 ce que ce site stocke mes informations envoy\u00e9es afin qu\u2019ils puissent r\u00e9pondre \u00e0 ma requ\u00eate. Je souhaite \u00eatre inform\u00e9(e) sur l'hypersensibilit\u00e9 et d'\u00e9v\u00e9nements tels que soir\u00e9es d'information, formations, conf\u00e9rences et webinaires.<\/label><\/li><\/ul><\/div><div id=\"wpforms-9671-field_9-container\" class=\"wpforms-field wpforms-field-checkbox\" data-field-id=\"9\"><label class=\"wpforms-field-label wpforms-label-hide\">Soir\u00e9e HS &amp; Stress <span class=\"wpforms-required-label\">*<\/span><\/label><ul id=\"wpforms-9671-field_9\" class=\"wpforms-field-required\"><li class=\"choice-1 depth-1\"><input type=\"checkbox\" id=\"wpforms-9671-field_9_1\" name=\"wpforms[fields][9][]\" value=\"Je souhaite participer \u00e0 la soir\u00e9e d&#039;information sur les hypersensibles face au stress.\" required ><label class=\"wpforms-field-label-inline\" for=\"wpforms-9671-field_9_1\">Je souhaite participer \u00e0 la soir\u00e9e d'information sur les hypersensibles face au stress.<\/label><\/li><\/ul><\/div><div id=\"wpforms-9671-field_8-container\" class=\"wpforms-field wpforms-field-mailchimp\" data-field-id=\"8\"><ul id=\"\" class=\"\"><li class=\"choice-0 depth-1\"><input type=\"checkbox\" id=\"wpforms-9671-field_8_0\" name=\"wpforms[fields][8]\" value=\"1\"  ><label class=\"wpforms-field-label-inline\" for=\"wpforms-9671-field_8_0\">Je souhaite recevoir la newsletter Bien-\u00eatre hypersensible.<\/label><\/li><\/ul><\/div><div id=\"wpforms-9671-field_2-container\" class=\"wpforms-field wpforms-field-textarea\" data-field-id=\"2\"><label class=\"wpforms-field-label\" for=\"wpforms-9671-field_2\">Votre message ou commentaire <\/label><textarea id=\"wpforms-9671-field_2\" class=\"wpforms-field-medium\" name=\"wpforms[fields][2]\" ><\/textarea><\/div><\/div><!-- .wpforms-field-container --><div class=\"wpforms-field wpforms-field-hp\"><label for=\"wpforms-9671-field-hp\" class=\"wpforms-field-label\">Website<\/label><input type=\"text\" name=\"wpforms[hp]\" id=\"wpforms-9671-field-hp\" class=\"wpforms-field-medium\"><\/div><div class=\"wpforms-recaptcha-container wpforms-is-recaptcha wpforms-is-recaptcha-type-invisible\" ><div class=\"g-recaptcha\" data-sitekey=\"6LdCBtgUAAAAALEB6bfhFZdzM4PUmAThgzl37RfB\" data-size=\"invisible\"><\/div><\/div><div class=\"wpforms-submit-container\" ><input type=\"hidden\" name=\"wpforms[id]\" value=\"9671\"><input type=\"hidden\" name=\"page_title\" value=\"\"><input type=\"hidden\" name=\"page_url\" value=\"https:\/\/coconfamilial.com\/index.php\/wp-json\/wp\/v2\/pages\/9664\"><input type=\"hidden\" name=\"url_referer\" value=\"\"><button type=\"submit\" name=\"wpforms[submit]\" id=\"wpforms-submit-9671\" class=\"wpforms-submit\" data-alt-text=\"Transmission...\" data-submit-text=\"Envoyer\" aria-live=\"assertive\" value=\"wpforms-submit\">Envoyer<\/button><\/div><\/form><\/div>  <!-- .wpforms-container -->[\/vc_column][\/vc_row][vc_row][vc_column][vc_gmaps link=&#8221;#E-8_JTNDaWZyYW1lJTIwc3JjJTNEJTIyaHR0cHMlM0ElMkYlMkZ3d3cuZ29vZ2xlLmNvbSUyRm1hcHMlMkZlbWJlZCUzRnBiJTNEJTIxMW0xOCUyMTFtMTIlMjExbTMlMjExZDI2MDcuNjk4OTI0MjA5MTU0JTIxMmQ2LjkwNDU3NTYyMDkzNjM0NyUyMTNkNDkuMTg3Mjk5NDc3NTkwNTE0JTIxMm0zJTIxMWYwJTIxMmYwJTIxM2YwJTIxM20yJTIxMWkxMDI0JTIxMmk3NjglMjE0ZjEzLjElMjEzbTMlMjExbTIlMjExczB4NDc5NWIyZWYwOWM3NTgwMSUyNTNBMHg0MDZhOTIzZjRiMWZjOTQ2JTIxMnMzOCUyQkF2ZW51ZSUyQmRlJTJCU3BpY2hlcmVuJTI1MkMlMkI1NzYwMCUyQkZvcmJhY2glMjE1ZTAlMjEzbTIlMjExc2ZyJTIxMnNmciUyMTR2MTUzNTgwOTEyNTI0NSUyMiUyMHdpZHRoJTNEJTIyNjAwJTIyJTIwaGVpZ2h0JTNEJTIyNDUwJTIyJTIwZnJhbWVib3JkZXIlM0QlMjIwJTIyJTIwc3R5bGUlM0QlMjJib3JkZXIlM0EwJTIyJTIwYWxsb3dmdWxsc2NyZWVuJTNFJTNDJTJGaWZyYW1lJTNF&#8221; title=&#8221;C. Matthews coach, sophrologue&#8221;][\/vc_column][\/vc_row][vc_row][vc_column][vc_column_text][\/vc_column_text][\/vc_column][\/vc_row]<\/p>\n<\/div>","protected":false},"excerpt":{"rendered":"<p>[vc_row css=&#8221;.vc_custom_1527834865965{padding-top: 30px !important;padding-bottom: 60px !important;}&#8221;][vc_column width=&#8221;1\/2&#8243;][\/vc_column][vc_column width=&#8221;1\/2&#8243;][\/vc_column][\/vc_row][vc_row][vc_column][vc_gmaps link=&#8221;#E-8_JTNDaWZyYW1lJTIwc3JjJTNEJTIyaHR0cHMlM0ElMkYlMkZ3d3cuZ29vZ2xlLmNvbSUyRm1hcHMlMkZlbWJlZCUzRnBiJTNEJTIxMW0xOCUyMTFtMTIlMjExbTMlMjExZDI2MDcuNjk4OTI0MjA5MTU0JTIxMmQ2LjkwNDU3NTYyMDkzNjM0NyUyMTNkNDkuMTg3Mjk5NDc3NTkwNTE0JTIxMm0zJTIxMWYwJTIxMmYwJTIxM2YwJTIxM20yJTIxMWkxMDI0JTIxMmk3NjglMjE0ZjEzLjElMjEzbTMlMjExbTIlMjExczB4NDc5NWIyZWYwOWM3NTgwMSUyNTNBMHg0MDZhOTIzZjRiMWZjOTQ2JTIxMnMzOCUyQkF2ZW51ZSUyQmRlJTJCU3BpY2hlcmVuJTI1MkMlMkI1NzYwMCUyQkZvcmJhY2glMjE1ZTAlMjEzbTIlMjExc2ZyJTIxMnNmciUyMTR2MTUzNTgwOTEyNTI0NSUyMiUyMHdpZHRoJTNEJTIyNjAwJTIyJTIwaGVpZ2h0JTNEJTIyNDUwJTIyJTIwZnJhbWVib3JkZXIlM0QlMjIwJTIyJTIwc3R5bGUlM0QlMjJib3JkZXIlM0EwJTIyJTIwYWxsb3dmdWxsc2NyZWVuJTNFJTNDJTJGaWZyYW1lJTNF&#8221; title=&#8221;C. Matthews coach, sophrologue&#8221;][\/vc_column][\/vc_row][vc_row][vc_column][vc_column_text][\/vc_column_text][\/vc_column][\/vc_row]<\/p>\n","protected":false},"author":1,"featured_media":0,"parent":0,"menu_order":0,"comment_status":"closed","ping_status":"closed","template":"","meta":{"_bbp_topic_count":0,"_bbp_reply_count":0,"_bbp_total_topic_count":0,"_bbp_total_reply_count":0,"_bbp_voice_count":0,"_bbp_anonymous_reply_count":0,"_bbp_topic_count_hidden":0,"_bbp_reply_count_hidden":0,"_bbp_forum_subforum_count":0,"pmpro_default_level":"","_monsterinsights_skip_tracking":false,"_monsterinsights_sitenote_active":false,"_monsterinsights_sitenote_note":"","_monsterinsights_sitenote_category":0,"footnotes":""},"class_list":["post-9664","page","type-page","status-publish","hentry","pmpro-has-access"],"_links":{"self":[{"href":"https:\/\/coconfamilial.com\/index.php\/wp-json\/wp\/v2\/pages\/9664","targetHints":{"allow":["GET"]}}],"collection":[{"href":"https:\/\/coconfamilial.com\/index.php\/wp-json\/wp\/v2\/pages"}],"about":[{"href":"https:\/\/coconfamilial.com\/index.php\/wp-json\/wp\/v2\/types\/page"}],"author":[{"embeddable":true,"href":"https:\/\/coconfamilial.com\/index.php\/wp-json\/wp\/v2\/users\/1"}],"replies":[{"embeddable":true,"href":"https:\/\/coconfamilial.com\/index.php\/wp-json\/wp\/v2\/comments?post=9664"}],"version-history":[{"count":0,"href":"https:\/\/coconfamilial.com\/index.php\/wp-json\/wp\/v2\/pages\/9664\/revisions"}],"wp:attachment":[{"href":"https:\/\/coconfamilial.com\/index.php\/wp-json\/wp\/v2\/media?parent=9664"}],"curies":[{"name":"wp","href":"https:\/\/api.w.org\/{rel}","templated":true}]}}