{"id":9325,"date":"2019-12-08T01:22:06","date_gmt":"2019-12-08T00:22:06","guid":{"rendered":"https:\/\/cmcoach.fr\/?page_id=9325"},"modified":"2019-12-08T01:22:06","modified_gmt":"2019-12-08T00:22:06","slug":"programmes-et-services-2","status":"publish","type":"page","link":"https:\/\/coconfamilial.com\/index.php\/programmes-et-services-2\/","title":{"rendered":"Programmes et services"},"content":{"rendered":"<div class=\"wpb-content-wrapper\"><p>[vc_row css=&#8221;.vc_custom_1527220103777{padding-top: 70px !important;padding-bottom: 70px !important;}&#8221;][vc_column width=&#8221;1\/2&#8243;]<div class=\"thim-widget-heading template-base\"><div class=\"sc_heading   text-left\"><h3 class=\"title\">Programmes et services<\/h3><span class=\"line\"><\/span><\/div><\/div>[vc_column_text]Voici les programmes d\u2019accompagnement et les services sp\u00e9cialement con\u00e7us pour r\u00e9pondre aux besoins des personnes hypersensibles.<br \/>\nSur cette page vous trouverez une description succincte de chacun d\u2019eux ainsi que le lien vers la page contenant tous les renseignements en d\u00e9tail et les modalit\u00e9s d\u2019inscription.[\/vc_column_text]<div class=\"thim-widget-heading template-base\"><div class=\"sc_heading   \"><h3 style=\"color:#1e73be;\" class=\"title\">Stress et hypersensibilit\u00e9<\/h3><p class=\"sub-heading\" style=\"\">Outils et strat\u00e9gies de pr\u00e9vention et r\u00e9duction du stress sp\u00e9cialement con\u00e7us pour les hypersensibles.<br \/>\nFormation et coaching sur huit semaines.<\/p><\/div><\/div><div class=\"thim-widget-button template-base\"><div class=\"border-button text-left\" style=\"\"><a class=\"widget-button  normal custom_style\" href=\"https:\/\/coconfamilial.com\/index.php\/formation-stress\u2026hypersensibilite\/\" style=\"font-size: 14px;border-width: px;color: #1e73be;\" data-hover=\"font-size: 14px;\">En savoir plus<\/a><\/div><\/div><div class=\"thim-widget-heading template-base\"><div class=\"sc_heading   \"><h3 style=\"color:#1e73be;\" class=\"title\">Hypersensible et fier de l'\u00eatre<\/h3><p class=\"sub-heading\" style=\"\">Accepter profond\u00e9ment l'hypersensibilit\u00e9, c\u00e9l\u00e9brer son unicit\u00e9 pour transformer radicalement les rapports avec l'entourage et pour d\u00e9velopper la cr\u00e9ativit\u00e9.<br \/>\nFormation et coaching sur huit semaines<\/p><\/div><\/div><div class=\"thim-widget-button template-base\"><div class=\"border-button text-left\" style=\"\"><a class=\"widget-button  normal custom_style\" href=\"https:\/\/coconfamilial.com\/index.php\/formation-hypersensible-et-fier-de-letre\" style=\"font-size: 14px;border-width: px;color: #1e73be;border-color: #1e73be;\" data-hover=\"font-size: 14px;\">En savoir plus<\/a><\/div><\/div>[vc_separator]<div class=\"thim-widget-heading template-base\"><div class=\"sc_heading   \"><h3 class=\"title\">Livres \u00e9l\u00e9ctroniques<\/h3><\/div><\/div><div class=\"thim-widget-heading template-base\"><div class=\"sc_heading   \"><h3 style=\"color:#1e73be;\" class=\"title\">Hypersensibles heureux<\/h3><p class=\"sub-heading\" style=\"\">Le r\u00e9sultat d\u2019ann\u00e9es de travail avec des hypersensibles, de leurs t\u00e9moignages et des avanc\u00e9es des neurosciences, ce livre permet une meilleure compr\u00e9hension des aspects physiques, physiologiques et \u00e9motionnels de l\u2019hypersensibilit\u00e9 et fournit une grande quantit\u00e9 de strat\u00e9gies, d\u2019astuces et de petits secrets pour faire de la sensibilit\u00e9 une source d\u2019\u00e9panouissement.<\/p><\/div><\/div><div class=\"thim-widget-button template-base\"><div class=\"border-button text-left\" style=\"\"><a class=\"widget-button  normal custom_style\" href=\"#\" style=\"font-size: 14px;border-width: px;color: #1e73be;\" data-hover=\"font-size: 14px;\">En savoir plus<\/a><\/div><\/div>[\/vc_column][vc_column width=&#8221;1\/2&#8243;]<div class=\"thim-widget-single-images template-base\"><div class=\"single-image text-right\"><\/div><\/div>[\/vc_column][\/vc_row][vc_row][vc_column width=&#8221;5\/6&#8243;][vc_cta h2=&#8221;Contactez-moi pour en discuter&#8221; add_button=&#8221;right&#8221; btn_title=&#8221;Contact&#8221; css=&#8221;.vc_custom_1544385333281{background-color: #ffffff !important;}&#8221; btn_link=&#8221;url:http%3A%2F%2Fcmcoach.fr%2Findex.php%2Fcontact-2%2F||target:%20_blank|&#8221;][\/vc_cta][\/vc_column][vc_column width=&#8221;1\/6&#8243;][\/vc_column][\/vc_row]<\/p>\n<\/div>","protected":false},"excerpt":{"rendered":"<p>[vc_row css=&#8221;.vc_custom_1527220103777{padding-top: 70px !important;padding-bottom: 70px !important;}&#8221;][vc_column width=&#8221;1\/2&#8243;][vc_column_text]Voici les programmes d\u2019accompagnement et les services sp\u00e9cialement con\u00e7us pour r\u00e9pondre aux besoins des personnes hypersensibles. Sur cette page vous trouverez une description succincte de chacun d\u2019eux ainsi que le lien vers la page [&hellip;]<\/p>\n","protected":false},"author":1,"featured_media":0,"parent":0,"menu_order":0,"comment_status":"closed","ping_status":"closed","template":"","meta":{"_bbp_topic_count":0,"_bbp_reply_count":0,"_bbp_total_topic_count":0,"_bbp_total_reply_count":0,"_bbp_voice_count":0,"_bbp_anonymous_reply_count":0,"_bbp_topic_count_hidden":0,"_bbp_reply_count_hidden":0,"_bbp_forum_subforum_count":0,"pmpro_default_level":"","_monsterinsights_skip_tracking":false,"_monsterinsights_sitenote_active":false,"_monsterinsights_sitenote_note":"","_monsterinsights_sitenote_category":0,"footnotes":""},"class_list":["post-9325","page","type-page","status-publish","hentry","pmpro-has-access"],"_links":{"self":[{"href":"https:\/\/coconfamilial.com\/index.php\/wp-json\/wp\/v2\/pages\/9325","targetHints":{"allow":["GET"]}}],"collection":[{"href":"https:\/\/coconfamilial.com\/index.php\/wp-json\/wp\/v2\/pages"}],"about":[{"href":"https:\/\/coconfamilial.com\/index.php\/wp-json\/wp\/v2\/types\/page"}],"author":[{"embeddable":true,"href":"https:\/\/coconfamilial.com\/index.php\/wp-json\/wp\/v2\/users\/1"}],"replies":[{"embeddable":true,"href":"https:\/\/coconfamilial.com\/index.php\/wp-json\/wp\/v2\/comments?post=9325"}],"version-history":[{"count":0,"href":"https:\/\/coconfamilial.com\/index.php\/wp-json\/wp\/v2\/pages\/9325\/revisions"}],"wp:attachment":[{"href":"https:\/\/coconfamilial.com\/index.php\/wp-json\/wp\/v2\/media?parent=9325"}],"curies":[{"name":"wp","href":"https:\/\/api.w.org\/{rel}","templated":true}]}}