{"id":9307,"date":"2019-12-06T13:51:54","date_gmt":"2019-12-06T12:51:54","guid":{"rendered":"https:\/\/cmcoach.fr\/?page_id=9307"},"modified":"2025-07-28T09:25:19","modified_gmt":"2025-07-28T07:25:19","slug":"le-coaching-parental-est-il-pour-vous","status":"publish","type":"page","link":"https:\/\/coconfamilial.com\/index.php\/le-coaching-parental-est-il-pour-vous\/","title":{"rendered":"Est-ce pour vous ?"},"content":{"rendered":"<div class=\"wpb-content-wrapper\"><p>[vc_row][vc_column]<div class=\"thim-widget-empty-space template-base\"><div class=\"empty_space\" style=\"height:100px\"><\/div><\/div>[vc_column_text]Vous \u00eates parents, solo, en couple, en seconde union, homosexuels\u2026 Vous aimeriez retrouver plus de s\u00e9r\u00e9nit\u00e9, am\u00e9liorer vos relations familiales et trouver des solutions pratiques et concr\u00e8tes pour vos difficult\u00e9s parentales. Vous vous reconnaissez dans la ou les descriptions ci-dessous\u00a0? Alors c\u2019est pour vous.[\/vc_column_text][\/vc_column][\/vc_row][vc_row css=&#8221;.vc_custom_1527220103777{padding-top: 70px !important;padding-bottom: 70px !important;}&#8221;][vc_column width=&#8221;1\/2&#8243;]<div class=\"thim-widget-heading template-base\"><div class=\"sc_heading   text-center\"><h3 style=\"color:#1e73be;\" class=\"title\">FATIGUE, ENERVEMENT, LASSITUDE :<\/h3><\/div><\/div><div class=\"thim-widget-empty-space template-base\"><div class=\"empty_space\" style=\"height:20px\"><\/div><\/div>[vc_column_text css=&#8221;&#8221;]\u00ab\u00a0Je perds patience, je hurle et apr\u00e8s je m\u2019en veux\u00a0\u00bb<\/p>\n<p>\u00ab Je suis fatigu\u00e9(e), je dors mal, je n\u2019ai plus un moment pour moi \u00bb<\/p>\n<p>\u00ab\u00a0J\u2019ai trop de choses \u00e0 g\u00e9rer, je n\u2019arrive pas \u00e0 m\u2019organiser\u00a0\u00bb<\/p>\n<p>\u00ab\u00a0J\u2019ai du mal \u00e0 concilier vie familiale et professionnelle\u00a0\u00bb<\/p>\n<p>\u00ab\u00a0Je n\u2019ai plus de plaisir \u00e0 \u00eatre parent\u00a0\u00bb<\/p>\n<p>Vous souhaitez retrouver <strong>calme et s\u00e9r\u00e9nit\u00e9<\/strong>, un <strong>\u00e9quilibre <\/strong>entre vie de couple, vie professionnelle et parentalit\u00e9, mieux <strong>g\u00e9rer votre temps et votre \u00e9nergie<\/strong>, redevenir ma\u00eetre de vos <strong>\u00e9motions<\/strong>.[\/vc_column_text]<div class=\"thim-widget-empty-space template-base\"><div class=\"empty_space\" style=\"height:290px\"><\/div><\/div><div class=\"thim-widget-single-images template-base\"><div class=\"single-image text-center\"><img  title=\"\" src =\"https:\/\/coconfamilial.com\/wp-content\/uploads\/2023\/06\/crying-4550467_640.jpg\" width=\"640\" height=\"427\"  alt=\" Est-ce pour vous ?\" \/><\/div><\/div><div class=\"thim-widget-empty-space template-base\"><div class=\"empty_space\" style=\"height:120px\"><\/div><\/div><div class=\"thim-widget-heading template-base\"><div class=\"sc_heading   text-center\"><h3 style=\"color:#1e73be;\" class=\"title\">MAUVAIS CLIMAT FAMILIAL :<\/h3><\/div><\/div>[vc_column_text]<\/p>\n<ul>\n<li>\u00ab\u00a0Je n\u2019arrive pas \u00e0 me faire entendre et encore moins \u00e9couter.<\/li>\n<li>\u00ab\u00a0Je ne supporte plus ce climat familial tendu. On est sans cesse en conflit. Il n\u2019y a plus de joie ni de partage chez nous\u00a0\u00bb.<\/li>\n<\/ul>\n<p>Vous avez besoin de recr\u00e9er de la <strong>complicit\u00e9,<\/strong> de renforcer vos liens, d\u2019apprendre \u00e0 <strong>mieux communiquer<\/strong>, \u00e0 <strong>g\u00e9rer les conflits<\/strong>. Vous souhaitez <strong>retrouver rire et plaisir<\/strong> d\u2019\u00eatre en famille.<\/p>\n<p><strong>\u00a0<\/strong>[\/vc_column_text]<div class=\"thim-widget-empty-space template-base\"><div class=\"empty_space\" style=\"height:170px\"><\/div><\/div><div class=\"thim-widget-single-images template-base\"><div class=\"single-image text-right\"><img  title=\"\" src =\"https:\/\/coconfamilial.com\/wp-content\/uploads\/2023\/06\/upset-2681502_640.jpg\" width=\"640\" height=\"427\"  alt=\" Est-ce pour vous ?\" \/><\/div><\/div><div class=\"thim-widget-empty-space template-base\"><div class=\"empty_space\" style=\"height:150px\"><\/div><\/div><div class=\"thim-widget-heading template-base\"><div class=\"sc_heading   text-center\"><h3 style=\"color:#1e73be;\" class=\"title\">DISCORDE PARENTALE :<\/h3><\/div><\/div>[vc_column_text]<\/p>\n<ul>\n<li>\n<ul>\n<li>\u00ab Nous n\u2019arrivons pas \u00e0 nous mettre d\u2019accord sur la fa\u00e7on d\u2019\u00e9lever nos enfants. Il me dit trop laxiste, je le(la) trouve trop dur(e) avec les enfants \u00bb.<\/li>\n<li>\u00ab\u00a0Nous n\u2019arrivons plus \u00e0 nous parler calmement, ni \u00e0 nous entendre\u00a0\u00bb.<\/li>\n<li>\u00ab Je me sens incompris(e), pas reconnu(e) \u00bb.<\/li>\n<li>\u00ab Je me sens exclu(e), il (elle) ne me laisse pas ma place \u00bb.<\/li>\n<li>\u00ab\u00a0Il (elle) ne m\u2019aide pas dans les t\u00e2ches du quotidien, je dois tout faire tout(e) seul (e)\u00a0\u00bb.<\/li>\n<\/ul>\n<p>Vous avez besoin de <strong>clarifier vos r\u00f4les<\/strong> respectifs, de r\u00e9organiser votre quotidien, de n\u00e9gocier un <strong>cadre \u00e9ducatif<\/strong> qui vous convienne \u00e0 tous les deux. Vous souhaitez retrouver de la complicit\u00e9, mieux vous comprendre et soutenir mutuellement en tant que parents.<\/li>\n<\/ul>\n<p>[\/vc_column_text]<div class=\"thim-widget-empty-space template-base\"><div class=\"empty_space\" style=\"height:150px\"><\/div><\/div><div class=\"thim-widget-single-images template-base\"><img decoding=\"async\" src=\"https:\/\/coconfamilial.com\/wp-content\/uploads\/2023\/07\/older-couple-6299325_640-600x400.jpg\"  alt=\"older-couple-6299325_640-600x400 Est-ce pour vous ?\"   title=\"\"   width=\"600\" height=\"400\"><div class=\"single-image text-right\"><\/div><\/div><div class=\"thim-widget-empty-space template-base\"><div class=\"empty_space\" style=\"height:100px\"><\/div><\/div><div class=\"thim-widget-heading template-base\"><div class=\"sc_heading   text-center\"><h3 style=\"color:#1e73be;\" class=\"title\">FAMILLE RECOMPOSEE :<\/h3><\/div><\/div>[vc_column_text]<\/p>\n<ul>\n<li>\n<ul>\n<li>\n<ul>\n<li>\u00ab J\u2019ai du mal \u00e0 accepter les enfants de mon(ma) conjoint(e), je fais des diff\u00e9rences, je n\u2019arrive pas \u00e0 les aimer \u00bb.<\/li>\n<li>\u00ab\u00a0Je ne trouve pas ma place en tant que belle-m\u00e8re (beau-p\u00e8re)\u00a0\u00bb.<\/li>\n<li>\u00ab\u00a0Mes beaux-enfants me d\u00e9testent et me rendent la vie dure. Mon partenaire ne me croit pas et ne me soutient pas\u00a0\u00bb.<\/li>\n<li>\u00ab\u00a0Je vois davantage ses enfants que les miens et je culpabilise\u00a0\u00bb.<\/li>\n<\/ul>\n<p>Vous avez besoin de trouver <strong>chacun votre place<\/strong> dans cette nouvelle famille, de construire des <strong>liens de confiance<\/strong>.<\/li>\n<\/ul>\n<\/li>\n<\/ul>\n<p>[\/vc_column_text]<div class=\"thim-widget-empty-space template-base\"><div class=\"empty_space\" style=\"height:170px\"><\/div><\/div><div class=\"thim-widget-single-images template-base\"><div class=\"single-image text-right\"><img  title=\"\" src =\"https:\/\/coconfamilial.com\/wp-content\/uploads\/2023\/07\/jumping-444612_640.jpg\" width=\"640\" height=\"427\"  alt=\" Est-ce pour vous ?\" \/><\/div><\/div>[\/vc_column][vc_column width=&#8221;1\/2&#8243;]<div class=\"thim-widget-empty-space template-base\"><div class=\"empty_space\" style=\"height:150px\"><\/div><\/div><div class=\"thim-widget-single-images template-base\"><div class=\"single-image text-right\"><img  title=\"\" src =\"https:\/\/coconfamilial.com\/wp-content\/uploads\/2023\/06\/woman-7232073_640.jpg\" width=\"640\" height=\"420\"  alt=\" Est-ce pour vous ?\" \/><\/div><\/div><div class=\"thim-widget-empty-space template-base\"><div class=\"empty_space\" style=\"height:100px\"><\/div><\/div><div class=\"thim-widget-heading template-base\"><div class=\"sc_heading   text-center\"><h3 style=\"color:#1e73be;\" class=\"title\">DESEMPARES FACE A CERTAINS COMPORTEMENTS DES ENFANTS :<\/h3><\/div><\/div><div class=\"thim-widget-empty-space template-base\"><div class=\"empty_space\" style=\"height:20px\"><\/div><\/div>[vc_column_text]<\/p>\n<ul>\n<li>\n<ul>\n<li>\u00ab\u00a0Je ne comprends pas pourquoi il pleure tout le temps, je ne sais plus quoi faire, le laisser pleurer ou le prendre dans mes bras. J\u2019ai peur qu\u2019il devienne capricieux\u00a0\u00bb.<\/li>\n<li>\u00ab Je suis d\u00e9sempar\u00e9(e) face \u00e0 ses crises, ses col\u00e8res \u00bb.<\/li>\n<li>\u00ab\u00a0Je ne comprends pas les r\u00e9actions de mon enfant, je n\u2019arrive pas \u00e0 d\u00e9crypter ses \u00e9motions\u00a0\u00bb.<\/li>\n<li>\u00ab\u00a0Il est tout le temps dans l\u2019opposition, que faire\u00a0?\u00a0\u00bb<\/li>\n<li>\u00ab\u00a0Dois-je le punir\u00a0?\u00a0\u00bb<\/li>\n<\/ul>\n<p>Vous avez besoin de mieux <strong>comprendre les \u00e9motions et les besoins de vos enfants<\/strong>. Vous aimeriez avoir des rep\u00e8res quant \u00e0 leurs capacit\u00e9s \u00e0 g\u00e9rer les situations en fonction de leur \u00e2ge et surtout des <strong>solutions concr\u00e8tes<\/strong> \u00e0 vos difficult\u00e9s.<\/li>\n<\/ul>\n<p>[\/vc_column_text]<div class=\"thim-widget-empty-space template-base\"><div class=\"empty_space\" style=\"height:40px\"><\/div><\/div><div class=\"thim-widget-single-images template-base\"><div class=\"single-image text-right\"><img  title=\"\" src =\"https:\/\/coconfamilial.com\/wp-content\/uploads\/2023\/07\/dispute-4661515_640.jpg\" width=\"640\" height=\"426\"  alt=\" Est-ce pour vous ?\" \/><\/div><\/div><div class=\"thim-widget-empty-space template-base\"><div class=\"empty_space\" style=\"height:70px\"><\/div><\/div><div class=\"thim-widget-heading template-base\"><div class=\"sc_heading   text-center\"><h3 style=\"color:#1e73be;\" class=\"title\">DOUTES, REMISE EN QUESTION, PERTE DE CONFIANCE :<\/h3><\/div><\/div>[vc_column_text]<\/p>\n<ul>\n<li>\u00ab J\u2019ai beaucoup de doutes quant \u00e0 ma fa\u00e7on d\u2019\u00e9duquer. Je ne suis pas s\u00fbr(e) de bien faire, parfois j\u2019ai m\u00eame l\u2019impression de ne pas savoir quoi ni comment faire \u00bb<\/li>\n<li>\u00ab\u00a0Je me remets tout le temps en question, j\u2019ai perdu confiance en moi\u00a0\u00bb<\/li>\n<li>\u00ab J\u2019ai l\u2019impression d\u2019\u00eatre un mauvais parent, d\u2019\u00eatre nul(le), je culpabilise\u2026 \u00bb<\/li>\n<li>\u00ab\u00a0Qu\u2019est-ce que l\u2019\u00e9ducation bienveillante, pourrait-elle m\u2019aider\u00a0?\u00a0\u00bb<\/li>\n<\/ul>\n<p>Vous voulez mieux <strong>comprendre et d\u00e9finir votre mode \u00e9ducatif<\/strong>, acqu\u00e9rir de nouvelles comp\u00e9tences comme concilier <strong>bienveillance et fermet\u00e9<\/strong>, construire un cadre s\u00e9curisant, <strong>poser des limites<\/strong> et accompagner vos enfants vers l\u2019<strong>autonomie<\/strong> et l\u2019\u00e9panouissement. Et ainsi retrouver confiance en vous et votre posture de parent.<\/p>\n<p><strong>\u00a0<\/strong>[\/vc_column_text]<div class=\"thim-widget-empty-space template-base\"><div class=\"empty_space\" style=\"height:180px\"><\/div><\/div><div class=\"thim-widget-single-images template-base\"><div class=\"single-image text-right\"><img  title=\"\" src =\"https:\/\/coconfamilial.com\/wp-content\/uploads\/2023\/07\/divorce-6930723_640.jpg\" width=\"640\" height=\"424\"  alt=\" Est-ce pour vous ?\" \/><\/div><\/div><div class=\"thim-widget-empty-space template-base\"><div class=\"empty_space\" style=\"height:120px\"><\/div><\/div><div class=\"thim-widget-heading template-base\"><div class=\"sc_heading   text-center\"><h3 style=\"color:#1e73be;\" class=\"title\">DIFFICULTES PAR RAPPORT A L\u2019ENTOURAGE :<\/h3><\/div><\/div>[vc_column_text css=&#8221;&#8221;]<\/p>\n<ul>\n<li style=\"list-style-type: none;\">\n<ul>\n<li style=\"list-style-type: none;\">\n<ul>\n<li>\u00ab Ma belle-m\u00e8re me critique tout le temps, elle me dicte ce que <em>je devrais<\/em> faire \u00bb<\/li>\n<li>\u00ab Mes parents me traitent comme si j&#8217;\u00e9tais encore un enfant, ils me contredisent syst\u00e9matiquement et me discr\u00e9ditent devant mes enfants. Je n\u2019ose rien dire \u00bb.<\/li>\n<\/ul>\n<p>Vous avez besoin d\u2019apprendre \u00e0 <strong>vous affirmer<\/strong>, \u00e0 avoir confiance en vous et vos comp\u00e9tences.<\/li>\n<\/ul>\n<\/li>\n<\/ul>\n<p>[\/vc_column_text]<div class=\"thim-widget-empty-space template-base\"><div class=\"empty_space\" style=\"height:360px\"><\/div><\/div><div class=\"thim-widget-single-images template-base\"><div class=\"single-image text-right\"><img  title=\"\" src =\"https:\/\/coconfamilial.com\/wp-content\/uploads\/2023\/07\/kids-458147_640.jpg\" width=\"640\" height=\"427\"  alt=\" Est-ce pour vous ?\" \/><\/div><\/div><div class=\"thim-widget-empty-space template-base\"><div class=\"empty_space\" style=\"height:80px\"><\/div><\/div><div class=\"thim-widget-heading template-base\"><div class=\"sc_heading   text-center\"><h3 style=\"color:#1e73be;\" class=\"title\">CONSEILS PRATIQUES :<\/h3><\/div><\/div>[vc_column_text]<\/p>\n<ul>\n<li>\n<ul>\n<li>\n<ul>\n<li>Vous avez besoin d\u2019<strong>astuces, de conseils pratiques<\/strong> qui vous <strong>facilitent le quotidien<\/strong> concernant le <strong>dodo<\/strong>, les repas, les courses, le bain, les devoirs, l\u2019\u00e9cole, les \u00e9crans, les sorties, les <strong>r\u00e8gles<\/strong>\u2026<\/li>\n<\/ul>\n<\/li>\n<\/ul>\n<\/li>\n<\/ul>\n<p>[\/vc_column_text][\/vc_column][\/vc_row][vc_row][vc_column width=&#8221;5\/6&#8243;][vc_cta h2=&#8221;Contactez-moi pour en discuter&#8221; add_button=&#8221;right&#8221; btn_title=&#8221;Contact&#8221; btn_style=&#8221;classic&#8221; btn_color=&#8221;orange&#8221; css=&#8221;.vc_custom_1722750630652{background-color: #ffffff !important;}&#8221; btn_link=&#8221;url:http%3A%2F%2Fcoconfamilial.com%2Findex.php%2Fcontact-2%2F|target:_blank&#8221;][\/vc_cta][\/vc_column][vc_column width=&#8221;1\/6&#8243;][\/vc_column][\/vc_row]<\/p>\n<\/div>","protected":false},"excerpt":{"rendered":"<p>[vc_row][vc_column][vc_column_text]Vous \u00eates parents, solo, en couple, en seconde union, homosexuels\u2026 Vous aimeriez retrouver plus de s\u00e9r\u00e9nit\u00e9, am\u00e9liorer vos relations familiales et trouver des solutions pratiques et concr\u00e8tes pour vos difficult\u00e9s parentales. Vous vous reconnaissez dans la ou les descriptions ci-dessous\u00a0? [&hellip;]<\/p>\n","protected":false},"author":1,"featured_media":0,"parent":0,"menu_order":0,"comment_status":"closed","ping_status":"closed","template":"","meta":{"_bbp_topic_count":0,"_bbp_reply_count":0,"_bbp_total_topic_count":0,"_bbp_total_reply_count":0,"_bbp_voice_count":0,"_bbp_anonymous_reply_count":0,"_bbp_topic_count_hidden":0,"_bbp_reply_count_hidden":0,"_bbp_forum_subforum_count":0,"pmpro_default_level":"","_monsterinsights_skip_tracking":false,"_monsterinsights_sitenote_active":false,"_monsterinsights_sitenote_note":"","_monsterinsights_sitenote_category":0,"footnotes":""},"class_list":["post-9307","page","type-page","status-publish","hentry","pmpro-has-access"],"_links":{"self":[{"href":"https:\/\/coconfamilial.com\/index.php\/wp-json\/wp\/v2\/pages\/9307","targetHints":{"allow":["GET"]}}],"collection":[{"href":"https:\/\/coconfamilial.com\/index.php\/wp-json\/wp\/v2\/pages"}],"about":[{"href":"https:\/\/coconfamilial.com\/index.php\/wp-json\/wp\/v2\/types\/page"}],"author":[{"embeddable":true,"href":"https:\/\/coconfamilial.com\/index.php\/wp-json\/wp\/v2\/users\/1"}],"replies":[{"embeddable":true,"href":"https:\/\/coconfamilial.com\/index.php\/wp-json\/wp\/v2\/comments?post=9307"}],"version-history":[{"count":124,"href":"https:\/\/coconfamilial.com\/index.php\/wp-json\/wp\/v2\/pages\/9307\/revisions"}],"predecessor-version":[{"id":18407,"href":"https:\/\/coconfamilial.com\/index.php\/wp-json\/wp\/v2\/pages\/9307\/revisions\/18407"}],"wp:attachment":[{"href":"https:\/\/coconfamilial.com\/index.php\/wp-json\/wp\/v2\/media?parent=9307"}],"curies":[{"name":"wp","href":"https:\/\/api.w.org\/{rel}","templated":true}]}}