{"id":9131,"date":"2019-10-26T13:21:48","date_gmt":"2019-10-26T11:21:48","guid":{"rendered":"https:\/\/cmcoach.fr\/?page_id=9131"},"modified":"2024-05-05T12:33:53","modified_gmt":"2024-05-05T10:33:53","slug":"votresatisfaction-2","status":"publish","type":"page","link":"https:\/\/coconfamilial.com\/index.php\/votresatisfaction-2\/","title":{"rendered":"Votre satisfaction"},"content":{"rendered":"<div class=\"wpb-content-wrapper\"><p>[vc_row css=&#8221;.vc_custom_1527834865965{padding-top: 30px !important;padding-bottom: 60px !important;}&#8221;][vc_column width=&#8221;1\/2&#8243;]<div class=\"vc-extral_class mb-30\"><div class=\"thim-widget-heading template-base\"><div class=\"sc_heading   text-left\"><h3 class=\"title\">Votre satisfaction est ma seule priorit\u00e9.<\/h3><span class=\"line\"><\/span><\/div><\/div><\/div>[vc_column_text]N\u2019h\u00e9sitez pas \u00e0 me faire part de vos suggestions et, le cas \u00e9ch\u00e9ant, \u00e0 partager votre insatisfaction.<\/p>\n<p>Je prendrai en consid\u00e9ration vos id\u00e9es et, dans la mesure du possible, les int\u00e9grerai dans ma pratique, mes cours et mes s\u00e9minaires.<\/p>\n<p>Je vous contacterai personnellement pour comprendre votre \u00e9ventuelle insatisfaction et pour trouver avec vous les solutions qui vous conviennent.<\/p>\n<p>Je suis adh\u00e9rent \u00e0 la <a href=\"https:\/\/www.cnpm-mediation-consommation.eu\/\">Chambre Nationale de la M\u00e9diation<\/a> qui fournit les ressources et le cadre l\u00e9gal pour nous aider en cas de d\u00e9saccord.<\/p>\n<p>Sachez aussi que toutes mes formations et s\u00e9minaires en ligne sont couverts par ma garantie &#8220;Satisfait ou rembours\u00e9&#8221;.[\/vc_column_text]<div class=\"vc-extral_class mb-30\"><div class=\"thim-widget-icon-box template-base\"><div class=\"wrapper-box-icon text-left contact_info \" ><div class=\"iconbox-left clearfix\"><div class=\"boxes-icon\" style=\"width: 30px;height: 30px;\"><span class=\"inner-icon\"><span class=\"icon\"><i class=\"fa fa-phone\" style=\"color:#2e8ece; font-size:25px; line-height:25px; vertical-align: middle;\"><\/i><\/span><\/span><\/div><div class=\"content-inner\"  style=\"width: calc( 100% - 30px - 15px);\"><div class=\"sc-heading article_heading\"><h3 class = \"heading__primary\" >T\u00e9l : 06 19 64 21 94<\/h3><\/div><\/div><\/div><!--end smicon-box--><\/div><\/div><\/div><div class=\"vc-extral_class mb-30\"><div class=\"thim-widget-icon-box template-base\"><div class=\"wrapper-box-icon text-left contact_info \" ><div class=\"iconbox-left clearfix\"><div class=\"content-inner\"  style=\"width: calc( 100% - 30px - 15px);\"><div class=\"sc-heading article_heading\"><h3 class = \"heading__primary\" >Email : contact@coconfamilial.com<\/h3><\/div><\/div><\/div><!--end smicon-box--><\/div><\/div><\/div><div class=\"thim-widget-icon-box template-base\"><div class=\"wrapper-box-icon text-left contact_info \" ><div class=\"iconbox-left clearfix\"><div class=\"boxes-icon\" style=\"width: 30px;height: 30px;\"><span class=\"inner-icon\"><span class=\"icon\"><i class=\"fa fa-map-marker\" style=\"color:#2e8ece; font-size:25px; line-height:25px; vertical-align: middle;\"><\/i><\/span><\/span><\/div><div class=\"content-inner\"  style=\"width: calc( 100% - 30px - 15px);\"><div class=\"sc-heading article_heading\"><h3 class = \"heading__primary\" >Adresse : 6 rue des Haies 57350 Stiring-Wendel<\/h3><\/div><div class=\"desc-icon-box\"><p style=\"font-size: 15px;font-weight: bold;\">Sur Rendez-vous, chez vous et \/ ou en t\u00e9l\u00e9s\u00e9ance<\/p><\/div><\/div><\/div><!--end smicon-box--><\/div><\/div>[\/vc_column][vc_column width=&#8221;1\/2&#8243;]<div class=\"vc-extral_class mb-30\"><div class=\"thim-widget-heading template-base\"><div class=\"sc_heading   text-left\"><h3 class=\"title\">Nadine Altvater<\/h3><p class=\"sub-heading\" style=\"\">Coach parental<\/p><span class=\"line\"><\/span><\/div><\/div><\/div><div class=\"wpforms-container wpforms-container-full\" id=\"wpforms-17846\"><form id=\"wpforms-form-17846\" class=\"wpforms-validate wpforms-form\" data-formid=\"17846\" method=\"post\" enctype=\"multipart\/form-data\" action=\"\/index.php\/wp-json\/wp\/v2\/pages\/9131\" data-token=\"96b8f51e2a05f2fac533bde03a6e9035\" data-token-time=\"1778674196\"><noscript class=\"wpforms-error-noscript\">Veuillez activer JavaScript dans votre navigateur pour remplir ce formulaire.<\/noscript><div class=\"wpforms-field-container\"><div id=\"wpforms-17846-field_7-container\" class=\"wpforms-field wpforms-field-name\" data-field-id=\"7\"><label class=\"wpforms-field-label\" for=\"wpforms-17846-field_7\">Pr\u00e9nom <span class=\"wpforms-required-label\">*<\/span><\/label><input type=\"text\" id=\"wpforms-17846-field_7\" class=\"wpforms-field-medium wpforms-field-required\" name=\"wpforms[fields][7]\" required><\/div><div id=\"wpforms-17846-field_1-container\" class=\"wpforms-field wpforms-field-email\" data-field-id=\"1\"><label class=\"wpforms-field-label\" for=\"wpforms-17846-field_1\">Adresse email <span class=\"wpforms-required-label\">*<\/span><\/label><input type=\"email\" id=\"wpforms-17846-field_1\" class=\"wpforms-field-medium wpforms-field-required\" name=\"wpforms[fields][1]\" spellcheck=\"false\" required><\/div><div id=\"wpforms-17846-field_8-container\" class=\"wpforms-field wpforms-field-checkbox\" data-field-id=\"8\"><ul id=\"wpforms-17846-field_8\" class=\"wpforms-field-required\"><li class=\"choice-1 depth-1\"><input type=\"checkbox\" id=\"wpforms-17846-field_8_1\" name=\"wpforms[fields][8][]\" value=\"Je souhaite en savoir plus sur la parentalit\u00e9 heureuse\" required ><label class=\"wpforms-field-label-inline\" for=\"wpforms-17846-field_8_1\">Je souhaite en savoir plus sur la parentalit\u00e9 heureuse<\/label><\/li><\/ul><\/div><div id=\"wpforms-17846-field_5-container\" class=\"wpforms-field wpforms-field-gdpr-checkbox\" data-field-id=\"5\"><label class=\"wpforms-field-label\">Accord RGPD <span class=\"wpforms-required-label\">*<\/span><\/label><ul id=\"wpforms-17846-field_5\" class=\"wpforms-field-required\"><li class=\"choice-1\"><input type=\"checkbox\" id=\"wpforms-17846-field_5_1\" name=\"wpforms[fields][5][]\" value=\"Je consens \u00e0 ce que ce site stocke mes informations envoy\u00e9es afin qu\u2019ils puissent r\u00e9pondre \u00e0 ma requ\u00eate. Je souhaite \u00eatre inform\u00e9(e) sur le coaching parental et d&#039;\u00e9v\u00e9nements tels que soir\u00e9es d&#039;information, formations, conf\u00e9rences et webinaires.\" required ><label class=\"wpforms-field-label-inline\" for=\"wpforms-17846-field_5_1\">Je consens \u00e0 ce que ce site stocke mes informations envoy\u00e9es afin qu\u2019ils puissent r\u00e9pondre \u00e0 ma requ\u00eate. Je souhaite \u00eatre inform\u00e9(e) sur le coaching parental et d'\u00e9v\u00e9nements tels que soir\u00e9es d'information, formations, conf\u00e9rences et webinaires.<\/label><\/li><\/ul><\/div><div id=\"wpforms-17846-field_6-container\" class=\"wpforms-field wpforms-field-mailchimp\" data-field-id=\"6\"><ul id=\"\" class=\"\"><li class=\"choice-0 depth-1\"><input type=\"checkbox\" id=\"wpforms-17846-field_6_0\" name=\"wpforms[fields][6]\" value=\"1\"  ><label class=\"wpforms-field-label-inline\" for=\"wpforms-17846-field_6_0\">Je souhaite recevoir la newsletter<\/label><\/li><\/ul><\/div><div id=\"wpforms-17846-field_2-container\" class=\"wpforms-field wpforms-field-textarea\" data-field-id=\"2\"><label class=\"wpforms-field-label\" for=\"wpforms-17846-field_2\">Veuillez indiquer vos pr\u00e9f\u00e9rences d&#039;horaires<\/label><textarea id=\"wpforms-17846-field_2\" class=\"wpforms-field-medium\" name=\"wpforms[fields][2]\" ><\/textarea><\/div><div id=\"wpforms-17846-field_9-container\" class=\"wpforms-field wpforms-field-select wpforms-field-select-style-classic\" data-field-id=\"9\"><label class=\"wpforms-field-label\" for=\"wpforms-17846-field_9\">Je souhaite \u00eatre contact\u00e9 par<\/label><select id=\"wpforms-17846-field_9\" class=\"wpforms-field-medium\" name=\"wpforms[fields][9]\"><option value=\"email\" >email<\/option><option value=\"T\u00e9l\u00e9phone\" >T\u00e9l\u00e9phone<\/option><\/select><\/div><div id=\"wpforms-17846-field_10-container\" class=\"wpforms-field wpforms-field-phone\" data-field-id=\"10\"><label class=\"wpforms-field-label\" for=\"wpforms-17846-field_10\">T\u00e9l\u00e9phone<\/label><input type=\"tel\" id=\"wpforms-17846-field_10\" class=\"wpforms-field-medium\" data-rule-int-phone-field=\"true\" name=\"wpforms[fields][10]\" aria-label=\"T\u00e9l\u00e9phone\" ><\/div><\/div><!-- .wpforms-field-container --><div class=\"wpforms-field wpforms-field-hp\"><label for=\"wpforms-17846-field-hp\" class=\"wpforms-field-label\">Comment<\/label><input type=\"text\" name=\"wpforms[hp]\" id=\"wpforms-17846-field-hp\" class=\"wpforms-field-medium\"><\/div><div class=\"wpforms-recaptcha-container wpforms-is-recaptcha wpforms-is-recaptcha-type-invisible\" ><div class=\"g-recaptcha\" data-sitekey=\"6LdCBtgUAAAAALEB6bfhFZdzM4PUmAThgzl37RfB\" data-size=\"invisible\"><\/div><\/div><div class=\"wpforms-submit-container\" ><input type=\"hidden\" name=\"wpforms[id]\" value=\"17846\"><input type=\"hidden\" name=\"page_title\" value=\"\"><input type=\"hidden\" name=\"page_url\" value=\"https:\/\/coconfamilial.com\/index.php\/wp-json\/wp\/v2\/pages\/9131\"><input type=\"hidden\" name=\"url_referer\" value=\"\"><button type=\"submit\" name=\"wpforms[submit]\" id=\"wpforms-submit-17846\" class=\"wpforms-submit\" data-alt-text=\"Sending...\" data-submit-text=\"Envoyer\" aria-live=\"assertive\" value=\"wpforms-submit\">Envoyer<\/button><\/div><\/form><\/div>  <!-- .wpforms-container -->[\/vc_column][\/vc_row][vc_row][vc_column][vc_column_text][\/vc_column_text][\/vc_column][\/vc_row]<\/p>\n<\/div>","protected":false},"excerpt":{"rendered":"<p>[vc_row css=&#8221;.vc_custom_1527834865965{padding-top: 30px !important;padding-bottom: 60px !important;}&#8221;][vc_column width=&#8221;1\/2&#8243;][vc_column_text]N\u2019h\u00e9sitez pas \u00e0 me faire part de vos suggestions et, le cas \u00e9ch\u00e9ant, \u00e0 partager votre insatisfaction. Je prendrai en consid\u00e9ration vos id\u00e9es et, dans la mesure du possible, les int\u00e9grerai dans ma pratique, [&hellip;]<\/p>\n","protected":false},"author":1,"featured_media":0,"parent":0,"menu_order":0,"comment_status":"closed","ping_status":"closed","template":"","meta":{"_bbp_topic_count":0,"_bbp_reply_count":0,"_bbp_total_topic_count":0,"_bbp_total_reply_count":0,"_bbp_voice_count":0,"_bbp_anonymous_reply_count":0,"_bbp_topic_count_hidden":0,"_bbp_reply_count_hidden":0,"_bbp_forum_subforum_count":0,"pmpro_default_level":"","_monsterinsights_skip_tracking":false,"_monsterinsights_sitenote_active":false,"_monsterinsights_sitenote_note":"","_monsterinsights_sitenote_category":0,"footnotes":""},"class_list":["post-9131","page","type-page","status-publish","hentry","pmpro-has-access"],"_links":{"self":[{"href":"https:\/\/coconfamilial.com\/index.php\/wp-json\/wp\/v2\/pages\/9131","targetHints":{"allow":["GET"]}}],"collection":[{"href":"https:\/\/coconfamilial.com\/index.php\/wp-json\/wp\/v2\/pages"}],"about":[{"href":"https:\/\/coconfamilial.com\/index.php\/wp-json\/wp\/v2\/types\/page"}],"author":[{"embeddable":true,"href":"https:\/\/coconfamilial.com\/index.php\/wp-json\/wp\/v2\/users\/1"}],"replies":[{"embeddable":true,"href":"https:\/\/coconfamilial.com\/index.php\/wp-json\/wp\/v2\/comments?post=9131"}],"version-history":[{"count":4,"href":"https:\/\/coconfamilial.com\/index.php\/wp-json\/wp\/v2\/pages\/9131\/revisions"}],"predecessor-version":[{"id":18265,"href":"https:\/\/coconfamilial.com\/index.php\/wp-json\/wp\/v2\/pages\/9131\/revisions\/18265"}],"wp:attachment":[{"href":"https:\/\/coconfamilial.com\/index.php\/wp-json\/wp\/v2\/media?parent=9131"}],"curies":[{"name":"wp","href":"https:\/\/api.w.org\/{rel}","templated":true}]}}