{"id":7372,"date":"2019-07-04T23:50:50","date_gmt":"2019-07-04T21:50:50","guid":{"rendered":"https:\/\/cmcoach.fr\/?page_id=7372"},"modified":"2020-02-11T21:17:29","modified_gmt":"2020-02-11T20:17:29","slug":"croyances","status":"publish","type":"page","link":"https:\/\/coconfamilial.com\/index.php\/croyances\/","title":{"rendered":"Quelles sont vos croyances ?"},"content":{"rendered":"<div class=\"wpb-content-wrapper\"><p>[vc_row css=&#8221;.vc_custom_1527220103777{padding-top: 70px !important;padding-bottom: 70px !important;}&#8221;][vc_column width=&#8221;1\/2&#8243;]<div class=\"thim-widget-heading template-base\"><div class=\"sc_heading   text-left\"><h3 class=\"title\">Quelles sont vos croyance ?<\/h3><span class=\"line\"><\/span><\/div><\/div>[vc_column_text]Les premiers obstacles \u00e0 notre bonheur et au changement sont souvent nos propres croyances.<\/p>\n<p>Voici une liste non exhaustive des <strong>croyances limitantes<\/strong> les plus courantes et les <strong>croyances aidantes<\/strong> correspondantes\u00a0:[\/vc_column_text][\/vc_column][vc_column width=&#8221;1\/2&#8243;]<div class=\"thim-widget-empty-space template-base\"><div class=\"empty_space\" style=\"height:40px\"><\/div><\/div><div class=\"thim-widget-single-images template-base\"><div class=\"single-image text-right\"><\/div><\/div>[\/vc_column][\/vc_row][vc_row][vc_column width=&#8221;1\/2&#8243;][vc_column_text]<\/p>\n<ul>\n<li>La vie est dure.<\/li>\n<li>On ne peut pas tout avoir dans la vie.<\/li>\n<li>Pour \u00eatre aim\u00e9, je dois faire plaisir et donner aux autres.<\/li>\n<li>Je dois \u00eatre comme les autres.<\/li>\n<li>La sensibilit\u00e9 est une faiblesse.<\/li>\n<li>Je suis nul.<\/li>\n<li>Il faut prendre sur soi.<\/li>\n<li>Il faut travailler dur pour y arriver.<\/li>\n<li>Je suis trop vieux (ou trop vieille) pour changer.<\/li>\n<li>Je suis trop vieux (ou trop vieille) pour apprendre.<\/li>\n<li>Si je montre qui je suis vraiment je serai rejet\u00e9.<\/li>\n<li>Je ne peux pas me faire confiance.<\/li>\n<li>Je ne suis pas digne d\u2019y arriver.<\/li>\n<li>Je n\u2019ai pas le droit \u00e0 l\u2019erreur.<\/li>\n<li>Se tromper c\u2019est un \u00e9chec.<\/li>\n<li>Je n\u2019ai pas le droit au bonheur.<\/li>\n<li>Je n\u2019y arriverai jamais.<\/li>\n<li>Si ce n\u2019est parfait et tout de suite, ce \u00e7a ne vaut m\u00eame pas la peine d\u2019essayer.<\/li>\n<li>Je n\u2019ai pas le droit \u00e0 l\u2019erreur.<\/li>\n<\/ul>\n<p>[\/vc_column_text][vc_column_text]Quelles sont les v\u00f4tres\u00a0?<\/p>\n<p>Quel impact ont-elles sur votre vie ?<\/p>\n<p>\u00c9crivez-moi pour m\u2019aider \u00e0 compl\u00e9ter cette liste.[\/vc_column_text][\/vc_column][vc_column width=&#8221;1\/2&#8243;][vc_column_text]<\/p>\n<ul>\n<li>Je vis un moment difficile.<\/li>\n<li>Tout le monde a droit au bonheur, moi aussi.<\/li>\n<li>J\u2019ai le droit d\u2019\u00eatre aim\u00e9 pour ce que je suis et non pour ce que je fais.<\/li>\n<li>Nous sommes tous diff\u00e9rents.<\/li>\n<li>Bien utilis\u00e9e la sensibilit\u00e9 est un grand avantage.<\/li>\n<li>Qu\u2019est que je peux changer.<\/li>\n<li>Assertivit\u00e9 +\u00a0n\u00e9gociation gagnant-gagnant =\u00a0la meilleure solution pour tous.<\/li>\n<li>Tout est apprentissage.<\/li>\n<li>Tout le monde peut changer \u00e0 tout \u00e2ge.<\/li>\n<li>Tout le monde peut apprendre \u00e0 tout \u00e2ge.<\/li>\n<li>\u00catre soi-m\u00eame c&#8217;est la seule fa\u00e7on de rencontrer ceux avec qui nous avons des affinit\u00e9s.<\/li>\n<li>J\u2019ai d\u00e9cid\u00e9 de ne plus baisser les bras, et pour cela je m\u00e9rite ma confiance.<\/li>\n<li>Je suis comme tout le monde.<\/li>\n<li>Chaque erreur me rapproche de la solution.<\/li>\n<li>Il n\u2019y a pas d\u2019\u00e9checs, que des apprentissages.<\/li>\n<li>Je vis un moment difficile, il n\u2019est pas le premier ne le dernier.<\/li>\n<li>Je vais y arriver. Cela prendra du temps, mais je vais y arriver.<\/li>\n<li>Le chemin est plus important que la destination.<\/li>\n<li>J\u2019ai le droit d\u2019apprendre.<\/li>\n<\/ul>\n<p>[\/vc_column_text][\/vc_column][\/vc_row][vc_row][vc_column][vc_cta h2=&#8221;Contactez-moi pour en discuter&#8221; add_button=&#8221;right&#8221; btn_title=&#8221;Contact&#8221; css=&#8221;.vc_custom_1581452208104{background-color: #ffffff !important;}&#8221; btn_link=&#8221;url:https%3A%2F%2Fhypersensibilites.com%2Findex.php%2Fcontact-2%2F||target:%20_blank|&#8221;][\/vc_cta][\/vc_column][\/vc_row]<\/p>\n<\/div>","protected":false},"excerpt":{"rendered":"<p>[vc_row css=&#8221;.vc_custom_1527220103777{padding-top: 70px !important;padding-bottom: 70px !important;}&#8221;][vc_column width=&#8221;1\/2&#8243;][vc_column_text]Les premiers obstacles \u00e0 notre bonheur et au changement sont souvent nos propres croyances. Voici une liste non exhaustive des croyances limitantes les plus courantes et les croyances aidantes correspondantes\u00a0:[\/vc_column_text][\/vc_column][vc_column width=&#8221;1\/2&#8243;][\/vc_column][\/vc_row][vc_row][vc_column width=&#8221;1\/2&#8243;][vc_column_text] La vie [&hellip;]<\/p>\n","protected":false},"author":1,"featured_media":0,"parent":0,"menu_order":0,"comment_status":"closed","ping_status":"closed","template":"","meta":{"_bbp_topic_count":0,"_bbp_reply_count":0,"_bbp_total_topic_count":0,"_bbp_total_reply_count":0,"_bbp_voice_count":0,"_bbp_anonymous_reply_count":0,"_bbp_topic_count_hidden":0,"_bbp_reply_count_hidden":0,"_bbp_forum_subforum_count":0,"pmpro_default_level":"","_monsterinsights_skip_tracking":false,"_monsterinsights_sitenote_active":false,"_monsterinsights_sitenote_note":"","_monsterinsights_sitenote_category":0,"footnotes":""},"class_list":["post-7372","page","type-page","status-publish","hentry","pmpro-has-access"],"_links":{"self":[{"href":"https:\/\/coconfamilial.com\/index.php\/wp-json\/wp\/v2\/pages\/7372","targetHints":{"allow":["GET"]}}],"collection":[{"href":"https:\/\/coconfamilial.com\/index.php\/wp-json\/wp\/v2\/pages"}],"about":[{"href":"https:\/\/coconfamilial.com\/index.php\/wp-json\/wp\/v2\/types\/page"}],"author":[{"embeddable":true,"href":"https:\/\/coconfamilial.com\/index.php\/wp-json\/wp\/v2\/users\/1"}],"replies":[{"embeddable":true,"href":"https:\/\/coconfamilial.com\/index.php\/wp-json\/wp\/v2\/comments?post=7372"}],"version-history":[{"count":0,"href":"https:\/\/coconfamilial.com\/index.php\/wp-json\/wp\/v2\/pages\/7372\/revisions"}],"wp:attachment":[{"href":"https:\/\/coconfamilial.com\/index.php\/wp-json\/wp\/v2\/media?parent=7372"}],"curies":[{"name":"wp","href":"https:\/\/api.w.org\/{rel}","templated":true}]}}