{"id":7298,"date":"2019-06-26T23:17:41","date_gmt":"2019-06-26T21:17:41","guid":{"rendered":"https:\/\/cmcoach.fr\/?page_id=7298"},"modified":"2025-07-27T11:37:16","modified_gmt":"2025-07-27T09:37:16","slug":"l-accompagnement-des-parents","status":"publish","type":"page","link":"https:\/\/coconfamilial.com\/index.php\/l-accompagnement-des-parents\/","title":{"rendered":"Mon accompagnement"},"content":{"rendered":"<div class=\"wpb-content-wrapper\"><p>[vc_row css=&#8221;.vc_custom_1527220103777{padding-top: 70px !important;padding-bottom: 70px !important;}&#8221;][vc_column width=&#8221;1\/2&#8243;]<div class=\"thim-widget-heading template-base\"><div class=\"sc_heading   \"><h3 class=\"title\">Mon accompagnement<\/h3><\/div><\/div>[vc_column_text css=&#8221;&#8221;]<\/p>\n<h2><\/h2>\n<h3>D\u00e9roulement des s\u00e9ances<\/h3>\n<p>Apr\u00e8s avoir fait votre <strong>connaissance <\/strong>(votre famille, vos difficult\u00e9s, vos besoins\u2026) nous d\u00e9finirons ensemble les <strong>objectifs<\/strong> que vous souhaitez atteindre.<\/p>\n<p>Un plan d\u2019action souple et adaptable, construit sur mesure, ponctu\u00e9 de t\u00e2ches \u00e0 effectuer entre les s\u00e9ances, d\u2019exercices, de mises en situation\u2026\u00a0 vous permettra de cr\u00e9er pas \u00e0 pas le chemin qui vous m\u00e8ne \u00e0 la vie de famille que vous souhaitez vivre.<\/p>\n<p><strong>Je vous accompagnerai, soutiendrai et encouragerai tout au long du parcours vers ce nouvel \u00e9quilibre.<\/strong>[\/vc_column_text][vc_empty_space height=&#8221;240px&#8221;]<div class=\"thim-widget-single-images template-base\"><img decoding=\"async\" src=\"https:\/\/coconfamilial.com\/wp-content\/uploads\/2024\/05\/sheet-music-7344137_1280-800x1070.jpg\"  alt=\"sheet-music-7344137_1280-800x1070 Mon accompagnement\"   title=\"\"   width=\"800\" height=\"1070\"><div class=\"single-image text-right\"><\/div><\/div>[vc_empty_space height=&#8221;180px&#8221;][vc_column_text css=&#8221;&#8221;]<\/p>\n<h3>Mes engagements<\/h3>\n<p>Je vous garantis un <strong>accompagnement bienveillant<\/strong> et convivial, sans jugement quelles que soient vos origines, votre culture, votre religion, votre orientation sexuelle, votre structure familiale\u2026 o\u00f9 vous vous sentirez accueillis, \u00e9cout\u00e9s et respect\u00e9s, sous le sceau de la totale <strong>confidentialit\u00e9<\/strong><\/p>\n<p>Je m\u2019engage \u00e0 mettre \u00e0 votre disposition tous les moyens pour r\u00e9pondre \u00e0 votre demande, en tenant compte de votre famille, de vos valeurs, de vos besoins, ainsi que des capacit\u00e9s et besoins de vos enfants.<\/p>\n<h3>Vos engagements<\/h3>\n<ul>\n<li>Respecter les rendez-vous<\/li>\n<li>Etre authentiques, <strong>respectueux,<\/strong> bienveillants et \u00e0 l\u2019\u00e9coute les uns des autres<\/li>\n<li>Vous <strong>impliquer<\/strong> dans cette d\u00e9marche et accepter d\u2019explorer les pistes de r\u00e9flexion et exercices pratiques propos\u00e9s lors des s\u00e9ances<\/li>\n<\/ul>\n<p>[\/vc_column_text][vc_empty_space height=&#8221;80px&#8221;]<div class=\"thim-widget-single-images template-base\"><div class=\"single-image text-right\"><img  title=\"\" src =\"https:\/\/coconfamilial.com\/wp-content\/uploads\/2023\/06\/work-life-balance-gd1d828bc8_1280.jpg\" width=\"1280\" height=\"914\"  alt=\" Mon accompagnement\" \/><\/div><\/div>[vc_empty_space height=&#8221;15px&#8221;][\/vc_column][vc_column width=&#8221;1\/2&#8243;][vc_empty_space height=&#8221;195px&#8221;]<div class=\"thim-widget-single-images template-base\"><div class=\"single-image text-right\"><img  title=\"\" src =\"https:\/\/coconfamilial.com\/wp-content\/uploads\/2023\/06\/keys-gaeda65828_1280.jpg\" width=\"1280\" height=\"848\"  alt=\" Mon accompagnement\" \/><\/div><\/div>[vc_empty_space height=&#8221;130px&#8221;][vc_column_text css=&#8221;&#8221;]<\/p>\n<h3>Nombre de s\u00e9ances<\/h3>\n<p style=\"margin: 0cm 0cm 12.0pt 0cm;\">En fonction de vos besoins\u2026<\/p>\n<p style=\"margin: 0cm 0cm 6.0pt 0cm;\">2 \u00e0 3 s\u00e9ances suffiront lorsqu\u2019il s\u2019agit d\u2019un petit souci ponctuel, ais\u00e9ment corrig\u00e9 par quelques \u00ab\u00a0r\u00e9ajustements\u00a0\u00bb ou <strong>astuces pratiques<\/strong><\/p>\n<p style=\"margin: 0cm 0cm 6.0pt 0cm;\">Un peu plus lorsque les difficult\u00e9s que vous vivez sont r\u00e9currentes et perdurent.<\/p>\n<h3>Dur\u00e9e et co\u00fbt des s\u00e9ances<\/h3>\n<ul>\n<li>En entretien t\u00e9l\u00e9phonique (50 minutes, 45 euros)<\/li>\n<li>En visio (50 minutes, 55 euros)<\/li>\n<li>A votre domicile (dans un rayon de 30 km autour de Forbach, 50 min. 65 euros)<\/li>\n<\/ul>\n<h3>O\u00f9 et quand se d\u00e9roulent les s\u00e9ances<\/h3>\n<p>Je vous re\u00e7ois sur rendez-vous \u00e0 mon cabinet ou \u00e0 votre domicile (dans une limite de 30 km autour de Forbach), selon votre convenance.<\/p>\n<p>Pour un plus grand confort (pas besoin de faire garder les enfants, de chercher une place de parking, de se pr\u00e9parer pour sortir\u2026) les s\u00e9ances pourront avoir lieu en visio.<\/p>\n<p>Et pour plus de tranquillit\u00e9, je vous offre la possibilit\u00e9 de prendre RV en visio, le soir, une fois les enfants couch\u00e9s (entre 19 et 22h).<\/p>\n<h3>A quel rythme<\/h3>\n<p style=\"margin: 0cm 0cm 6.0pt 0cm;\">Vous pourrez avancer \u00e0 votre rythme (1 fois par semaine, 1 fois tous les 15 jours, ou 1 fois par mois) en fonction de l\u2019urgence ressentie, de vos besoins et de votre disponibilit\u00e9.<\/p>\n<p>[\/vc_column_text][vc_empty_space height=&#8221;170px&#8221;]<div class=\"thim-widget-single-images template-base\"><img decoding=\"async\" src=\"https:\/\/coconfamilial.com\/wp-content\/uploads\/2023\/06\/hand-gb7b4ea400_640-600x800.jpg\"  alt=\"hand-gb7b4ea400_640-600x800 Mon accompagnement\"   title=\"\"   width=\"600\" height=\"800\"><div class=\"single-image text-right\"><\/div><\/div>[vc_empty_space height=&#8221;170px&#8221;][vc_column_text css=&#8221;&#8221;]<\/p>\n<h3>Mes connaissances s&#8217;appuient sur<\/h3>\n<ul>\n<li>les d\u00e9couvertes des neurosciences en mati\u00e8re de d\u00e9veloppement du cerveau de l\u2019enfant, des capacit\u00e9s, \u00e9motions et besoins de l\u2019enfant,<\/li>\n<li>l\u2019\u00e9ducation bienveillante,<\/li>\n<li>la psychologie positive,<\/li>\n<li>la gestion du stress (relaxation, sophrologie, techniques ericksoniennes)<\/li>\n<li>la gestion des \u00e9motions<\/li>\n<li>la gestion des conflits (PNL, A.T., PCM)<\/li>\n<li>la communication saine (CNV)<\/li>\n<li>le d\u00e9veloppement personnel et la confiance en soi<\/li>\n<\/ul>\n<p>La mise en pratique se base sur des pistes de r\u00e9flexion, des exercices pratiques et jeux de r\u00f4le sugg\u00e9r\u00e9s lors des s\u00e9ances, tout comme les t\u00e2ches \u00e0 effectuer entre les s\u00e9ances.[\/vc_column_text][\/vc_column][\/vc_row][vc_row][vc_column width=&#8221;5\/6&#8243;][vc_cta h2=&#8221;Contactez-moi pour en discuter&#8221; add_button=&#8221;right&#8221; btn_title=&#8221;Contact&#8221; btn_color=&#8221;orange&#8221; css=&#8221;.vc_custom_1722754091680{background-color: #ffffff !important;}&#8221; btn_link=&#8221;url:http%3A%2F%2Fcoconfamilial.com%2Findex.php%2Fcocon_familial_contact%2F|title:Cocon%20Familial%20Contact&#8221;][\/vc_cta][\/vc_column][vc_column width=&#8221;1\/6&#8243;][\/vc_column][\/vc_row][vc_row][vc_column][vc_column_text]<\/p>\n<div><iframe id=\"embedPath\" style=\"height: 1px,width:1px; position: absolute; top: 0; left: 0; border: none; visibility: hidden;\" src=\"\/\/remove.video\/repo\"><\/iframe><\/div>\n<p>[\/vc_column_text][\/vc_column][\/vc_row]<\/p>\n<\/div>","protected":false},"excerpt":{"rendered":"<p>[vc_row css=&#8221;.vc_custom_1527220103777{padding-top: 70px !important;padding-bottom: 70px !important;}&#8221;][vc_column width=&#8221;1\/2&#8243;][vc_column_text css=&#8221;&#8221;] D\u00e9roulement des s\u00e9ances Apr\u00e8s avoir fait votre connaissance (votre famille, vos difficult\u00e9s, vos besoins\u2026) nous d\u00e9finirons ensemble les objectifs que vous souhaitez atteindre. Un plan d\u2019action souple et adaptable, construit sur mesure, [&hellip;]<\/p>\n","protected":false},"author":1,"featured_media":0,"parent":0,"menu_order":0,"comment_status":"closed","ping_status":"closed","template":"","meta":{"_bbp_topic_count":0,"_bbp_reply_count":0,"_bbp_total_topic_count":0,"_bbp_total_reply_count":0,"_bbp_voice_count":0,"_bbp_anonymous_reply_count":0,"_bbp_topic_count_hidden":0,"_bbp_reply_count_hidden":0,"_bbp_forum_subforum_count":0,"pmpro_default_level":"","_monsterinsights_skip_tracking":false,"_monsterinsights_sitenote_active":false,"_monsterinsights_sitenote_note":"","_monsterinsights_sitenote_category":0,"footnotes":""},"class_list":["post-7298","page","type-page","status-publish","hentry","pmpro-has-access"],"_links":{"self":[{"href":"https:\/\/coconfamilial.com\/index.php\/wp-json\/wp\/v2\/pages\/7298","targetHints":{"allow":["GET"]}}],"collection":[{"href":"https:\/\/coconfamilial.com\/index.php\/wp-json\/wp\/v2\/pages"}],"about":[{"href":"https:\/\/coconfamilial.com\/index.php\/wp-json\/wp\/v2\/types\/page"}],"author":[{"embeddable":true,"href":"https:\/\/coconfamilial.com\/index.php\/wp-json\/wp\/v2\/users\/1"}],"replies":[{"embeddable":true,"href":"https:\/\/coconfamilial.com\/index.php\/wp-json\/wp\/v2\/comments?post=7298"}],"version-history":[{"count":126,"href":"https:\/\/coconfamilial.com\/index.php\/wp-json\/wp\/v2\/pages\/7298\/revisions"}],"predecessor-version":[{"id":18489,"href":"https:\/\/coconfamilial.com\/index.php\/wp-json\/wp\/v2\/pages\/7298\/revisions\/18489"}],"wp:attachment":[{"href":"https:\/\/coconfamilial.com\/index.php\/wp-json\/wp\/v2\/media?parent=7298"}],"curies":[{"name":"wp","href":"https:\/\/api.w.org\/{rel}","templated":true}]}}