{"id":7121,"date":"2018-12-15T16:45:48","date_gmt":"2018-12-15T15:45:48","guid":{"rendered":"http:\/\/cmcoach.fr\/?page_id=7121"},"modified":"2024-05-05T20:11:55","modified_gmt":"2024-05-05T18:11:55","slug":"newsletter","status":"publish","type":"page","link":"https:\/\/coconfamilial.com\/index.php\/newsletter\/","title":{"rendered":"Newsletter"},"content":{"rendered":"<div class=\"wpb-content-wrapper\"><p>[vc_row css=&#8221;.vc_custom_1527220103777{padding-top: 70px !important;padding-bottom: 70px !important;}&#8221;][vc_column width=&#8221;1\/2&#8243;]<div class=\"thim-widget-heading template-base\"><div class=\"sc_heading   text-left\"><h3 class=\"title\">Newsletter<\/h3><span class=\"line\"><\/span><\/div><\/div>[vc_column_text]Recevez des conseils et astuces, des articles, des vid\u00e9os en vous inscrivant \u00e0 notre newsletter ci-dessous.<\/p>\n<p><em>inscrivez<\/em>&#8211;<em>vous<\/em> \u00e0 la <em>newsletter<\/em> pour \u00eatre inform\u00e9 des prochains \u00e9v\u00e9nements.<\/p>\n<p>Vous pouvez aussi contribuer \u00e0 enrichir notre newsletter en nous communiquant toute nouvelle susceptible d\u2019\u00eatre publi\u00e9e ou en nous proposant le sujet qui vous pr\u00e9occupe.<\/p>\n<p>Remplissez le formulaire ci-dessous :<\/p>\n<p><strong>\u00a0<\/strong><\/p>\n<p>[\/vc_column_text][\/vc_column][vc_column width=&#8221;1\/2&#8243;]<div class=\"thim-widget-single-images template-base\"><div class=\"single-image text-right\"><\/div><\/div><div class=\"thim-widget-empty-space template-base\"><div class=\"empty_space\" style=\"height:30px\"><\/div><\/div><div class=\"wpforms-container wpforms-container-full\" id=\"wpforms-17846\"><form id=\"wpforms-form-17846\" class=\"wpforms-validate wpforms-form\" data-formid=\"17846\" method=\"post\" enctype=\"multipart\/form-data\" action=\"\/index.php\/wp-json\/wp\/v2\/pages\/7121\" data-token=\"96b8f51e2a05f2fac533bde03a6e9035\" data-token-time=\"1778674317\"><noscript class=\"wpforms-error-noscript\">Veuillez activer JavaScript dans votre navigateur pour remplir ce formulaire.<\/noscript><div class=\"wpforms-field-container\"><div id=\"wpforms-17846-field_7-container\" class=\"wpforms-field wpforms-field-name\" data-field-id=\"7\"><label class=\"wpforms-field-label\" for=\"wpforms-17846-field_7\">Pr\u00e9nom <span class=\"wpforms-required-label\">*<\/span><\/label><input type=\"text\" id=\"wpforms-17846-field_7\" class=\"wpforms-field-medium wpforms-field-required\" name=\"wpforms[fields][7]\" required><\/div><div id=\"wpforms-17846-field_1-container\" class=\"wpforms-field wpforms-field-email\" data-field-id=\"1\"><label class=\"wpforms-field-label\" for=\"wpforms-17846-field_1\">Adresse email <span class=\"wpforms-required-label\">*<\/span><\/label><input type=\"email\" id=\"wpforms-17846-field_1\" class=\"wpforms-field-medium wpforms-field-required\" name=\"wpforms[fields][1]\" spellcheck=\"false\" required><\/div><div id=\"wpforms-17846-field_8-container\" class=\"wpforms-field wpforms-field-checkbox\" data-field-id=\"8\"><ul id=\"wpforms-17846-field_8\" class=\"wpforms-field-required\"><li class=\"choice-1 depth-1\"><input type=\"checkbox\" id=\"wpforms-17846-field_8_1\" name=\"wpforms[fields][8][]\" value=\"Je souhaite en savoir plus sur la parentalit\u00e9 heureuse\" required ><label class=\"wpforms-field-label-inline\" for=\"wpforms-17846-field_8_1\">Je souhaite en savoir plus sur la parentalit\u00e9 heureuse<\/label><\/li><\/ul><\/div><div id=\"wpforms-17846-field_5-container\" class=\"wpforms-field wpforms-field-gdpr-checkbox\" data-field-id=\"5\"><label class=\"wpforms-field-label\">Accord RGPD <span class=\"wpforms-required-label\">*<\/span><\/label><ul id=\"wpforms-17846-field_5\" class=\"wpforms-field-required\"><li class=\"choice-1\"><input type=\"checkbox\" id=\"wpforms-17846-field_5_1\" name=\"wpforms[fields][5][]\" value=\"Je consens \u00e0 ce que ce site stocke mes informations envoy\u00e9es afin qu\u2019ils puissent r\u00e9pondre \u00e0 ma requ\u00eate. Je souhaite \u00eatre inform\u00e9(e) sur le coaching parental et d&#039;\u00e9v\u00e9nements tels que soir\u00e9es d&#039;information, formations, conf\u00e9rences et webinaires.\" required ><label class=\"wpforms-field-label-inline\" for=\"wpforms-17846-field_5_1\">Je consens \u00e0 ce que ce site stocke mes informations envoy\u00e9es afin qu\u2019ils puissent r\u00e9pondre \u00e0 ma requ\u00eate. Je souhaite \u00eatre inform\u00e9(e) sur le coaching parental et d'\u00e9v\u00e9nements tels que soir\u00e9es d'information, formations, conf\u00e9rences et webinaires.<\/label><\/li><\/ul><\/div><div id=\"wpforms-17846-field_6-container\" class=\"wpforms-field wpforms-field-mailchimp\" data-field-id=\"6\"><ul id=\"\" class=\"\"><li class=\"choice-0 depth-1\"><input type=\"checkbox\" id=\"wpforms-17846-field_6_0\" name=\"wpforms[fields][6]\" value=\"1\"  ><label class=\"wpforms-field-label-inline\" for=\"wpforms-17846-field_6_0\">Je souhaite recevoir la newsletter<\/label><\/li><\/ul><\/div><div id=\"wpforms-17846-field_2-container\" class=\"wpforms-field wpforms-field-textarea\" data-field-id=\"2\"><label class=\"wpforms-field-label\" for=\"wpforms-17846-field_2\">Veuillez indiquer vos pr\u00e9f\u00e9rences d&#039;horaires<\/label><textarea id=\"wpforms-17846-field_2\" class=\"wpforms-field-medium\" name=\"wpforms[fields][2]\" ><\/textarea><\/div><div id=\"wpforms-17846-field_9-container\" class=\"wpforms-field wpforms-field-select wpforms-field-select-style-classic\" data-field-id=\"9\"><label class=\"wpforms-field-label\" for=\"wpforms-17846-field_9\">Je souhaite \u00eatre contact\u00e9 par<\/label><select id=\"wpforms-17846-field_9\" class=\"wpforms-field-medium\" name=\"wpforms[fields][9]\"><option value=\"email\" >email<\/option><option value=\"T\u00e9l\u00e9phone\" >T\u00e9l\u00e9phone<\/option><\/select><\/div><div id=\"wpforms-17846-field_10-container\" class=\"wpforms-field wpforms-field-phone\" data-field-id=\"10\"><label class=\"wpforms-field-label\" for=\"wpforms-17846-field_10\">T\u00e9l\u00e9phone<\/label><input type=\"tel\" id=\"wpforms-17846-field_10\" class=\"wpforms-field-medium\" data-rule-int-phone-field=\"true\" name=\"wpforms[fields][10]\" aria-label=\"T\u00e9l\u00e9phone\" ><\/div><\/div><!-- .wpforms-field-container --><div class=\"wpforms-field wpforms-field-hp\"><label for=\"wpforms-17846-field-hp\" class=\"wpforms-field-label\">Website<\/label><input type=\"text\" name=\"wpforms[hp]\" id=\"wpforms-17846-field-hp\" class=\"wpforms-field-medium\"><\/div><div class=\"wpforms-recaptcha-container wpforms-is-recaptcha wpforms-is-recaptcha-type-invisible\" ><div class=\"g-recaptcha\" data-sitekey=\"6LdCBtgUAAAAALEB6bfhFZdzM4PUmAThgzl37RfB\" data-size=\"invisible\"><\/div><\/div><div class=\"wpforms-submit-container\" ><input type=\"hidden\" name=\"wpforms[id]\" value=\"17846\"><input type=\"hidden\" name=\"page_title\" value=\"\"><input type=\"hidden\" name=\"page_url\" value=\"https:\/\/coconfamilial.com\/index.php\/wp-json\/wp\/v2\/pages\/7121\"><input type=\"hidden\" name=\"url_referer\" value=\"\"><button type=\"submit\" name=\"wpforms[submit]\" id=\"wpforms-submit-17846\" class=\"wpforms-submit\" data-alt-text=\"Sending...\" data-submit-text=\"Envoyer\" aria-live=\"assertive\" value=\"wpforms-submit\">Envoyer<\/button><\/div><\/form><\/div>  <!-- .wpforms-container -->[\/vc_column][\/vc_row][vc_row][vc_column width=&#8221;5\/6&#8243;][vc_cta h2=&#8221;&#8221; h4=&#8221;Cliquez sur le bouton pour en savoir plus sur la fa\u00e7on d\u2019am\u00e9liorer votre vie&#8221; add_button=&#8221;right&#8221; btn_title=&#8221;OUI&#8221; btn_color=&#8221;default&#8221; css=&#8221;.vc_custom_1581635848424{background-color: #ffffff !important;}&#8221; btn_link=&#8221;url:http%3A%2F%2Fhypersensibilites.com%2Findex.php%2Fcommentnous%2F||target:%20_blank|&#8221;][\/vc_cta][\/vc_column][vc_column width=&#8221;1\/6&#8243;][\/vc_column][\/vc_row]<\/p>\n<\/div>","protected":false},"excerpt":{"rendered":"<p>[vc_row css=&#8221;.vc_custom_1527220103777{padding-top: 70px !important;padding-bottom: 70px !important;}&#8221;][vc_column width=&#8221;1\/2&#8243;][vc_column_text]Recevez des conseils et astuces, des articles, des vid\u00e9os en vous inscrivant \u00e0 notre newsletter ci-dessous. inscrivez&#8211;vous \u00e0 la newsletter pour \u00eatre inform\u00e9 des prochains \u00e9v\u00e9nements. Vous pouvez aussi contribuer \u00e0 enrichir notre newsletter [&hellip;]<\/p>\n","protected":false},"author":1,"featured_media":0,"parent":0,"menu_order":0,"comment_status":"closed","ping_status":"closed","template":"","meta":{"_bbp_topic_count":0,"_bbp_reply_count":0,"_bbp_total_topic_count":0,"_bbp_total_reply_count":0,"_bbp_voice_count":0,"_bbp_anonymous_reply_count":0,"_bbp_topic_count_hidden":0,"_bbp_reply_count_hidden":0,"_bbp_forum_subforum_count":0,"pmpro_default_level":"","_monsterinsights_skip_tracking":false,"_monsterinsights_sitenote_active":false,"_monsterinsights_sitenote_note":"","_monsterinsights_sitenote_category":0,"footnotes":""},"class_list":["post-7121","page","type-page","status-publish","hentry","pmpro-has-access"],"_links":{"self":[{"href":"https:\/\/coconfamilial.com\/index.php\/wp-json\/wp\/v2\/pages\/7121","targetHints":{"allow":["GET"]}}],"collection":[{"href":"https:\/\/coconfamilial.com\/index.php\/wp-json\/wp\/v2\/pages"}],"about":[{"href":"https:\/\/coconfamilial.com\/index.php\/wp-json\/wp\/v2\/types\/page"}],"author":[{"embeddable":true,"href":"https:\/\/coconfamilial.com\/index.php\/wp-json\/wp\/v2\/users\/1"}],"replies":[{"embeddable":true,"href":"https:\/\/coconfamilial.com\/index.php\/wp-json\/wp\/v2\/comments?post=7121"}],"version-history":[{"count":1,"href":"https:\/\/coconfamilial.com\/index.php\/wp-json\/wp\/v2\/pages\/7121\/revisions"}],"predecessor-version":[{"id":18275,"href":"https:\/\/coconfamilial.com\/index.php\/wp-json\/wp\/v2\/pages\/7121\/revisions\/18275"}],"wp:attachment":[{"href":"https:\/\/coconfamilial.com\/index.php\/wp-json\/wp\/v2\/media?parent=7121"}],"curies":[{"name":"wp","href":"https:\/\/api.w.org\/{rel}","templated":true}]}}